{"id":318,"date":"2021-01-27T11:33:35","date_gmt":"2021-01-27T10:33:35","guid":{"rendered":"http:\/\/www.medicalcentresas.it\/home\/?page_id=318"},"modified":"2021-10-26T12:12:36","modified_gmt":"2021-10-26T10:12:36","slug":"podologia","status":"publish","type":"page","link":"http:\/\/www.medicalcentresas.it\/home\/servizi\/podologia\/","title":{"rendered":"Podologia"},"content":{"rendered":"\t\t<div data-elementor-type=\"wp-page\" data-elementor-id=\"318\" class=\"elementor elementor-318\" data-elementor-post-type=\"page\">\n\t\t\t\t\t\t<section class=\"elementor-section elementor-top-section elementor-element elementor-element-961bbb2 elementor-section-boxed elementor-section-height-default elementor-section-height-default\" data-id=\"961bbb2\" data-element_type=\"section\" data-e-type=\"section\">\n\t\t\t\t\t\t<div class=\"elementor-container elementor-column-gap-default\">\n\t\t\t\t\t<div class=\"elementor-column elementor-col-100 elementor-top-column elementor-element elementor-element-a51b4f3\" data-id=\"a51b4f3\" data-element_type=\"column\" data-e-type=\"column\">\n\t\t\t<div class=\"elementor-widget-wrap elementor-element-populated\">\n\t\t\t\t\t\t<div class=\"elementor-element elementor-element-d5c10dc elementor-widget elementor-widget-heading\" data-id=\"d5c10dc\" data-element_type=\"widget\" data-e-type=\"widget\" data-widget_type=\"heading.default\">\n\t\t\t\t<div class=\"elementor-widget-container\">\n\t\t\t\t\t<h2 class=\"elementor-heading-title elementor-size-default\">Podologia<\/h2>\t\t\t\t<\/div>\n\t\t\t\t<\/div>\n\t\t\t\t\t<\/div>\n\t\t<\/div>\n\t\t\t\t\t<\/div>\n\t\t<\/section>\n\t\t\t\t<section class=\"elementor-section elementor-top-section elementor-element elementor-element-43bd0a7 elementor-section-boxed elementor-section-height-default elementor-section-height-default\" data-id=\"43bd0a7\" data-element_type=\"section\" data-e-type=\"section\">\n\t\t\t\t\t\t<div class=\"elementor-container elementor-column-gap-default\">\n\t\t\t\t\t<div class=\"elementor-column elementor-col-100 elementor-top-column elementor-element elementor-element-e9fde87\" data-id=\"e9fde87\" data-element_type=\"column\" data-e-type=\"column\">\n\t\t\t<div class=\"elementor-widget-wrap elementor-element-populated\">\n\t\t\t\t\t\t<div class=\"elementor-element elementor-element-cdadf4c elementor-widget elementor-widget-text-editor\" data-id=\"cdadf4c\" data-element_type=\"widget\" data-e-type=\"widget\" data-widget_type=\"text-editor.default\">\n\t\t\t\t<div class=\"elementor-widget-container\">\n\t\t\t\t\t\t\t\t\t<p><strong>Dott. ODELLA Stefano<\/strong><\/p>\t\t\t\t\t\t\t\t<\/div>\n\t\t\t\t<\/div>\n\t\t\t\t\t<\/div>\n\t\t<\/div>\n\t\t\t\t\t<\/div>\n\t\t<\/section>\n\t\t\t\t<section class=\"elementor-section elementor-top-section elementor-element elementor-element-0b0c23e elementor-section-boxed elementor-section-height-default elementor-section-height-default\" data-id=\"0b0c23e\" data-element_type=\"section\" data-e-type=\"section\">\n\t\t\t\t\t\t<div class=\"elementor-container elementor-column-gap-default\">\n\t\t\t\t\t<div class=\"elementor-column elementor-col-100 elementor-top-column elementor-element elementor-element-5fee107\" data-id=\"5fee107\" data-element_type=\"column\" data-e-type=\"column\">\n\t\t\t<div class=\"elementor-widget-wrap elementor-element-populated\">\n\t\t\t\t\t\t<div class=\"elementor-element elementor-element-ada55bf elementor-widget elementor-widget-text-editor\" data-id=\"ada55bf\" data-element_type=\"widget\" data-e-type=\"widget\" data-widget_type=\"text-editor.default\">\n\t\t\t\t<div class=\"elementor-widget-container\">\n\t\t\t\t\t\t\t\t\t<h4>MA IL PODOLOGO COSA FA?<\/h4><h3>\u00a0<\/h3><p>Il Podologo \u00e8 un professionista della Sanit\u00e0, che tratta tutte le patologie del piede, doloroso e non.<\/p><p>Pu\u00f2 prestare anche assistenza domiciliare alle persone disabili e agli anziani in difficolt\u00e0 nella deambulazione.<\/p>\t\t\t\t\t\t\t\t<\/div>\n\t\t\t\t<\/div>\n\t\t\t\t\t<\/div>\n\t\t<\/div>\n\t\t\t\t\t<\/div>\n\t\t<\/section>\n\t\t\t\t<section class=\"elementor-section elementor-top-section elementor-element elementor-element-cf5462f elementor-section-boxed elementor-section-height-default elementor-section-height-default\" data-id=\"cf5462f\" data-element_type=\"section\" data-e-type=\"section\">\n\t\t\t\t\t\t<div class=\"elementor-container elementor-column-gap-default\">\n\t\t\t\t\t<div class=\"elementor-column elementor-col-66 elementor-top-column elementor-element elementor-element-8d9d5d1\" data-id=\"8d9d5d1\" data-element_type=\"column\" data-e-type=\"column\">\n\t\t\t<div class=\"elementor-widget-wrap elementor-element-populated\">\n\t\t\t\t\t\t<div class=\"elementor-element elementor-element-6e67e4e elementor-widget elementor-widget-text-editor\" data-id=\"6e67e4e\" data-element_type=\"widget\" data-e-type=\"widget\" data-widget_type=\"text-editor.default\">\n\t\t\t\t<div class=\"elementor-widget-container\">\n\t\t\t\t\t\t\t\t\t<h2>ESAME DEL PIEDE<\/h2><p>Lo studio approfondito del piede, dell\u2019appoggio, del cammino e della postura \u00e8 di fondamentale importanza per il conseguimento del benessere e della salute del piede e della persona, sia in presenza di patologie o situazioni dolorose dell\u2019anziano, dell\u2019adulto e del bambino, sia negli sportivi.<\/p><div class=\"wp-block-image\" style=\"text-align: center;\"><figure class=\"alignright\"><span style=\"text-decoration: underline;\"><span style=\"background-color: var(--global--color-background); color: var(--global--color-primary); font-family: var(--global--font-secondary); font-size: var(--global--font-size-base); text-decoration: underline;\">Per raggiungere una definizione corretta della problematica, <\/span><\/span><span style=\"text-decoration: underline;\"><span style=\"background-color: var(--global--color-background); color: var(--global--color-primary); font-family: var(--global--font-secondary); font-size: var(--global--font-size-base); text-decoration: underline;\">\u00e8 necessario eseguire innanzitutto un completo esame obiettivo del piede, grazie alle seguenti metodologie:<\/span><\/span><\/figure><p>\u00a0<\/p><\/div><ul><li><span style=\"text-decoration: underline;\">Anamnesi<\/span> accurata per valutare le caratteristiche del paziente quali et\u00e0, peso, patologie pregresse e presenti, <br \/>attivit\u00e0 sportiva, lavorativa, abitudini.<\/li><li><span style=\"text-decoration: underline;\">Esame Palpatorio e Morfologico<\/span>, che analizza il piede clinicamente dal punto di vista muscolare, cutaneo, osseo-articolare, tendineo, circolatorio e neurone.<\/li><li><span style=\"text-decoration: underline;\">Esame in ortostasi<\/span> a catena cinetica chiusa e aperta.<\/li><li><span style=\"text-decoration: underline;\">Esame Baropodometrico<\/span> con Pedana Baropodometrica, che rileva \u00a0le pressioni del piede sia in stazione eretta (esame statico) che durante il cammino (esame dinamico); i dati ottenuti vengono inviati ad un computer che \u00e8 dotato di un software dedicato per la loro elaborazione e rappresentazione grafica.<\/li><\/ul><div class=\"wp-block-image\"><figure class=\"alignleft\"><a href=\"https:\/\/www.valdisievehospital.it\/wp-content\/uploads\/2016\/06\/Analisi-postura.png\"><img fetchpriority=\"high\" decoding=\"async\" class=\"wp-image-1943\" src=\"https:\/\/www.valdisievehospital.it\/wp-content\/uploads\/2016\/06\/Analisi-postura-300x190.png\" sizes=\"(max-width: 300px) 100vw, 300px\" srcset=\"https:\/\/www.valdisievehospital.it\/wp-content\/uploads\/2016\/06\/Analisi-postura-300x190.png 300w, https:\/\/www.valdisievehospital.it\/wp-content\/uploads\/2016\/06\/Analisi-postura.png 400w\" alt=\"Analisi postura\" width=\"300\" height=\"190\" \/><\/a><\/figure><\/div><ul><li><span style=\"text-decoration: underline;\">Esame della calzatura<\/span> in relazione alla sua usura e eventuali ortesi digitali e plantari gi\u00e0 in uso.<\/li><li><span style=\"text-decoration: underline;\">Redazione del referto<\/span>, che riguarda la diagnosi e la prognosi rilasciata dal professionista dopo i vari esami clinici e diagnostici.<\/li><\/ul>\t\t\t\t\t\t\t\t<\/div>\n\t\t\t\t<\/div>\n\t\t\t\t\t<\/div>\n\t\t<\/div>\n\t\t\t\t<div class=\"elementor-column elementor-col-33 elementor-top-column elementor-element elementor-element-92a123a\" data-id=\"92a123a\" data-element_type=\"column\" data-e-type=\"column\">\n\t\t\t<div class=\"elementor-widget-wrap elementor-element-populated\">\n\t\t\t\t\t\t<div class=\"elementor-element elementor-element-a5ffb27 elementor-widget elementor-widget-image\" data-id=\"a5ffb27\" data-element_type=\"widget\" data-e-type=\"widget\" data-widget_type=\"image.default\">\n\t\t\t\t<div class=\"elementor-widget-container\">\n\t\t\t\t\t\t\t\t\t\t\t\t\t\t\t<img decoding=\"async\" width=\"750\" height=\"422\" src=\"http:\/\/www.medicalcentresas.it\/home\/wp-content\/uploads\/2021\/10\/podologo-voghera-pavia-assistenza-domiciliare-Terapia-praticate-HeaderN-eed80a66-1024x576.jpeg\" class=\"attachment-large size-large wp-image-1434\" alt=\"\" srcset=\"http:\/\/www.medicalcentresas.it\/home\/wp-content\/uploads\/2021\/10\/podologo-voghera-pavia-assistenza-domiciliare-Terapia-praticate-HeaderN-eed80a66-1024x576.jpeg 1024w, http:\/\/www.medicalcentresas.it\/home\/wp-content\/uploads\/2021\/10\/podologo-voghera-pavia-assistenza-domiciliare-Terapia-praticate-HeaderN-eed80a66-300x169.jpeg 300w, http:\/\/www.medicalcentresas.it\/home\/wp-content\/uploads\/2021\/10\/podologo-voghera-pavia-assistenza-domiciliare-Terapia-praticate-HeaderN-eed80a66-768x432.jpeg 768w, http:\/\/www.medicalcentresas.it\/home\/wp-content\/uploads\/2021\/10\/podologo-voghera-pavia-assistenza-domiciliare-Terapia-praticate-HeaderN-eed80a66-1536x864.jpeg 1536w, http:\/\/www.medicalcentresas.it\/home\/wp-content\/uploads\/2021\/10\/podologo-voghera-pavia-assistenza-domiciliare-Terapia-praticate-HeaderN-eed80a66-2048x1152.jpeg 2048w, http:\/\/www.medicalcentresas.it\/home\/wp-content\/uploads\/2021\/10\/podologo-voghera-pavia-assistenza-domiciliare-Terapia-praticate-HeaderN-eed80a66-1568x882.jpeg 1568w\" sizes=\"(max-width: 750px) 100vw, 750px\" style=\"width:100%;height:56.25%;max-width:2560px\" \/>\t\t\t\t\t\t\t\t\t\t\t\t\t\t\t<\/div>\n\t\t\t\t<\/div>\n\t\t\t\t<div class=\"elementor-element elementor-element-a483d27 elementor-widget elementor-widget-image\" data-id=\"a483d27\" data-element_type=\"widget\" data-e-type=\"widget\" data-widget_type=\"image.default\">\n\t\t\t\t<div class=\"elementor-widget-container\">\n\t\t\t\t\t\t\t\t\t\t\t\t\t\t\t<img decoding=\"async\" width=\"750\" height=\"459\" src=\"http:\/\/www.medicalcentresas.it\/home\/wp-content\/uploads\/2021\/10\/podologo-sforzacosta-fisiomed-dott.-franco-lardelli-1024x627.png\" class=\"attachment-large size-large wp-image-1433\" alt=\"\" srcset=\"http:\/\/www.medicalcentresas.it\/home\/wp-content\/uploads\/2021\/10\/podologo-sforzacosta-fisiomed-dott.-franco-lardelli-1024x627.png 1024w, http:\/\/www.medicalcentresas.it\/home\/wp-content\/uploads\/2021\/10\/podologo-sforzacosta-fisiomed-dott.-franco-lardelli-300x184.png 300w, http:\/\/www.medicalcentresas.it\/home\/wp-content\/uploads\/2021\/10\/podologo-sforzacosta-fisiomed-dott.-franco-lardelli-768x471.png 768w, http:\/\/www.medicalcentresas.it\/home\/wp-content\/uploads\/2021\/10\/podologo-sforzacosta-fisiomed-dott.-franco-lardelli.png 1193w\" sizes=\"(max-width: 750px) 100vw, 750px\" style=\"width:100%;height:61.27%;max-width:1193px\" \/>\t\t\t\t\t\t\t\t\t\t\t\t\t\t\t<\/div>\n\t\t\t\t<\/div>\n\t\t\t\t<div class=\"elementor-element elementor-element-2bb7dc4 elementor-widget elementor-widget-image\" data-id=\"2bb7dc4\" data-element_type=\"widget\" data-e-type=\"widget\" data-widget_type=\"image.default\">\n\t\t\t\t<div class=\"elementor-widget-container\">\n\t\t\t\t\t\t\t\t\t\t\t\t\t\t\t<img loading=\"lazy\" decoding=\"async\" width=\"750\" height=\"500\" src=\"http:\/\/www.medicalcentresas.it\/home\/wp-content\/uploads\/2021\/10\/Podologia.jpg\" class=\"attachment-large size-large wp-image-1432\" alt=\"\" srcset=\"http:\/\/www.medicalcentresas.it\/home\/wp-content\/uploads\/2021\/10\/Podologia.jpg 900w, http:\/\/www.medicalcentresas.it\/home\/wp-content\/uploads\/2021\/10\/Podologia-300x200.jpg 300w, http:\/\/www.medicalcentresas.it\/home\/wp-content\/uploads\/2021\/10\/Podologia-768x512.jpg 768w\" sizes=\"(max-width: 750px) 100vw, 750px\" style=\"width:100%;height:66.67%;max-width:900px\" \/>\t\t\t\t\t\t\t\t\t\t\t\t\t\t\t<\/div>\n\t\t\t\t<\/div>\n\t\t\t\t<div class=\"elementor-element elementor-element-7c6e6ea elementor-widget elementor-widget-image\" data-id=\"7c6e6ea\" data-element_type=\"widget\" data-e-type=\"widget\" data-widget_type=\"image.default\">\n\t\t\t\t<div class=\"elementor-widget-container\">\n\t\t\t\t\t\t\t\t\t\t\t\t\t\t\t<img loading=\"lazy\" decoding=\"async\" width=\"600\" height=\"310\" src=\"http:\/\/www.medicalcentresas.it\/home\/wp-content\/uploads\/2021\/10\/baropodometrico.jpg\" class=\"attachment-large size-large wp-image-1429\" alt=\"\" srcset=\"http:\/\/www.medicalcentresas.it\/home\/wp-content\/uploads\/2021\/10\/baropodometrico.jpg 600w, http:\/\/www.medicalcentresas.it\/home\/wp-content\/uploads\/2021\/10\/baropodometrico-300x155.jpg 300w\" sizes=\"(max-width: 600px) 100vw, 600px\" style=\"width:100%;height:51.67%;max-width:600px\" \/>\t\t\t\t\t\t\t\t\t\t\t\t\t\t\t<\/div>\n\t\t\t\t<\/div>\n\t\t\t\t<div class=\"elementor-element elementor-element-5526e43 elementor-widget elementor-widget-image\" data-id=\"5526e43\" data-element_type=\"widget\" data-e-type=\"widget\" data-widget_type=\"image.default\">\n\t\t\t\t<div class=\"elementor-widget-container\">\n\t\t\t\t\t\t\t\t\t\t\t\t\t\t\t<img loading=\"lazy\" decoding=\"async\" width=\"750\" height=\"367\" src=\"http:\/\/www.medicalcentresas.it\/home\/wp-content\/uploads\/2021\/10\/esame-baropodometrico-1-1024x501.jpg\" class=\"attachment-large size-large wp-image-1430\" alt=\"\" srcset=\"http:\/\/www.medicalcentresas.it\/home\/wp-content\/uploads\/2021\/10\/esame-baropodometrico-1-1024x501.jpg 1024w, http:\/\/www.medicalcentresas.it\/home\/wp-content\/uploads\/2021\/10\/esame-baropodometrico-1-300x147.jpg 300w, http:\/\/www.medicalcentresas.it\/home\/wp-content\/uploads\/2021\/10\/esame-baropodometrico-1-768x376.jpg 768w, http:\/\/www.medicalcentresas.it\/home\/wp-content\/uploads\/2021\/10\/esame-baropodometrico-1.jpg 1280w\" sizes=\"(max-width: 750px) 100vw, 750px\" style=\"width:100%;height:48.91%;max-width:1280px\" \/>\t\t\t\t\t\t\t\t\t\t\t\t\t\t\t<\/div>\n\t\t\t\t<\/div>\n\t\t\t\t\t<\/div>\n\t\t<\/div>\n\t\t\t\t\t<\/div>\n\t\t<\/section>\n\t\t\t\t<section class=\"elementor-section elementor-top-section elementor-element elementor-element-65148a4 elementor-section-boxed elementor-section-height-default elementor-section-height-default\" data-id=\"65148a4\" data-element_type=\"section\" data-e-type=\"section\">\n\t\t\t\t\t\t<div class=\"elementor-container elementor-column-gap-default\">\n\t\t\t\t\t<div class=\"elementor-column elementor-col-100 elementor-top-column elementor-element elementor-element-430cd37\" data-id=\"430cd37\" data-element_type=\"column\" data-e-type=\"column\">\n\t\t\t<div class=\"elementor-widget-wrap\">\n\t\t\t\t\t\t\t<\/div>\n\t\t<\/div>\n\t\t\t\t\t<\/div>\n\t\t<\/section>\n\t\t\t\t<\/div>\n\t\t","protected":false},"excerpt":{"rendered":"<p>Podologia Dott. ODELLA Stefano MA IL PODOLOGO COSA FA? \u00a0 Il Podologo \u00e8 un professionista della Sanit\u00e0, che tratta tutte le patologie del piede, doloroso e non. Pu\u00f2 prestare anche assistenza domiciliare alle persone disabili e agli anziani in difficolt\u00e0 nella deambulazione. ESAME DEL PIEDE Lo studio approfondito del piede, dell\u2019appoggio, del cammino e della&hellip; <a class=\"more-link\" href=\"http:\/\/www.medicalcentresas.it\/home\/servizi\/podologia\/\">Continua a leggere <span class=\"screen-reader-text\">Podologia<\/span><\/a><\/p>\n","protected":false},"author":1,"featured_media":0,"parent":100,"menu_order":0,"comment_status":"closed","ping_status":"closed","template":"elementor_header_footer","meta":{"footnotes":""},"class_list":["post-318","page","type-page","status-publish","hentry","entry"],"yoast_head":"<!-- This site is optimized with the Yoast SEO plugin v27.0 - https:\/\/yoast.com\/product\/yoast-seo-wordpress\/ -->\n<title>Podologia - Medical Centre<\/title>\n<meta name=\"robots\" content=\"index, follow, max-snippet:-1, max-image-preview:large, max-video-preview:-1\" \/>\n<link rel=\"canonical\" href=\"http:\/\/www.medicalcentresas.it\/home\/servizi\/podologia\/\" \/>\n<meta property=\"og:locale\" content=\"it_IT\" \/>\n<meta property=\"og:type\" content=\"article\" \/>\n<meta property=\"og:title\" content=\"Podologia - Medical Centre\" \/>\n<meta property=\"og:description\" content=\"Podologia Dott. ODELLA Stefano MA IL PODOLOGO COSA FA? \u00a0 Il Podologo \u00e8 un professionista della Sanit\u00e0, che tratta tutte le patologie del piede, doloroso e non. Pu\u00f2 prestare anche assistenza domiciliare alle persone disabili e agli anziani in difficolt\u00e0 nella deambulazione. ESAME DEL PIEDE Lo studio approfondito del piede, dell\u2019appoggio, del cammino e della&hellip; Continua a leggere Podologia\" \/>\n<meta property=\"og:url\" content=\"http:\/\/www.medicalcentresas.it\/home\/servizi\/podologia\/\" \/>\n<meta property=\"og:site_name\" content=\"Medical Centre\" \/>\n<meta property=\"article:modified_time\" content=\"2021-10-26T10:12:36+00:00\" \/>\n<meta property=\"og:image\" content=\"https:\/\/www.valdisievehospital.it\/wp-content\/uploads\/2016\/06\/Analisi-postura-300x190.png\" \/>\n<meta name=\"twitter:card\" content=\"summary_large_image\" \/>\n<meta name=\"twitter:label1\" content=\"Tempo di lettura stimato\" \/>\n\t<meta name=\"twitter:data1\" content=\"1 minuto\" \/>\n<script type=\"application\/ld+json\" class=\"yoast-schema-graph\">{\"@context\":\"https:\/\/schema.org\",\"@graph\":[{\"@type\":\"WebPage\",\"@id\":\"http:\/\/www.medicalcentresas.it\/home\/servizi\/podologia\/\",\"url\":\"http:\/\/www.medicalcentresas.it\/home\/servizi\/podologia\/\",\"name\":\"Podologia - Medical Centre\",\"isPartOf\":{\"@id\":\"http:\/\/www.medicalcentresas.it\/home\/#website\"},\"primaryImageOfPage\":{\"@id\":\"http:\/\/www.medicalcentresas.it\/home\/servizi\/podologia\/#primaryimage\"},\"image\":{\"@id\":\"http:\/\/www.medicalcentresas.it\/home\/servizi\/podologia\/#primaryimage\"},\"thumbnailUrl\":\"https:\/\/www.valdisievehospital.it\/wp-content\/uploads\/2016\/06\/Analisi-postura-300x190.png\",\"datePublished\":\"2021-01-27T10:33:35+00:00\",\"dateModified\":\"2021-10-26T10:12:36+00:00\",\"breadcrumb\":{\"@id\":\"http:\/\/www.medicalcentresas.it\/home\/servizi\/podologia\/#breadcrumb\"},\"inLanguage\":\"it-IT\",\"potentialAction\":[{\"@type\":\"ReadAction\",\"target\":[\"http:\/\/www.medicalcentresas.it\/home\/servizi\/podologia\/\"]}]},{\"@type\":\"ImageObject\",\"inLanguage\":\"it-IT\",\"@id\":\"http:\/\/www.medicalcentresas.it\/home\/servizi\/podologia\/#primaryimage\",\"url\":\"https:\/\/www.valdisievehospital.it\/wp-content\/uploads\/2016\/06\/Analisi-postura-300x190.png\",\"contentUrl\":\"https:\/\/www.valdisievehospital.it\/wp-content\/uploads\/2016\/06\/Analisi-postura-300x190.png\"},{\"@type\":\"BreadcrumbList\",\"@id\":\"http:\/\/www.medicalcentresas.it\/home\/servizi\/podologia\/#breadcrumb\",\"itemListElement\":[{\"@type\":\"ListItem\",\"position\":1,\"name\":\"Home\",\"item\":\"http:\/\/www.medicalcentresas.it\/home\/\"},{\"@type\":\"ListItem\",\"position\":2,\"name\":\"SERVIZI\",\"item\":\"http:\/\/www.medicalcentresas.it\/home\/servizi\/\"},{\"@type\":\"ListItem\",\"position\":3,\"name\":\"Podologia\"}]},{\"@type\":\"WebSite\",\"@id\":\"http:\/\/www.medicalcentresas.it\/home\/#website\",\"url\":\"http:\/\/www.medicalcentresas.it\/home\/\",\"name\":\"Medical Centre\",\"description\":\"Poliambulatorio Specialistico\",\"publisher\":{\"@id\":\"http:\/\/www.medicalcentresas.it\/home\/#organization\"},\"potentialAction\":[{\"@type\":\"SearchAction\",\"target\":{\"@type\":\"EntryPoint\",\"urlTemplate\":\"http:\/\/www.medicalcentresas.it\/home\/?s={search_term_string}\"},\"query-input\":{\"@type\":\"PropertyValueSpecification\",\"valueRequired\":true,\"valueName\":\"search_term_string\"}}],\"inLanguage\":\"it-IT\"},{\"@type\":\"Organization\",\"@id\":\"http:\/\/www.medicalcentresas.it\/home\/#organization\",\"name\":\"Medical Centre\",\"url\":\"http:\/\/www.medicalcentresas.it\/home\/\",\"logo\":{\"@type\":\"ImageObject\",\"inLanguage\":\"it-IT\",\"@id\":\"http:\/\/www.medicalcentresas.it\/home\/#\/schema\/logo\/image\/\",\"url\":\"http:\/\/www.medicalcentresas.it\/home\/wp-content\/uploads\/2026\/02\/Medical-Centre-scaled.png\",\"contentUrl\":\"http:\/\/www.medicalcentresas.it\/home\/wp-content\/uploads\/2026\/02\/Medical-Centre-scaled.png\",\"width\":2560,\"height\":1073,\"caption\":\"Medical Centre\"},\"image\":{\"@id\":\"http:\/\/www.medicalcentresas.it\/home\/#\/schema\/logo\/image\/\"}}]}<\/script>\n<!-- \/ Yoast SEO plugin. -->","yoast_head_json":{"title":"Podologia - Medical Centre","robots":{"index":"index","follow":"follow","max-snippet":"max-snippet:-1","max-image-preview":"max-image-preview:large","max-video-preview":"max-video-preview:-1"},"canonical":"http:\/\/www.medicalcentresas.it\/home\/servizi\/podologia\/","og_locale":"it_IT","og_type":"article","og_title":"Podologia - Medical Centre","og_description":"Podologia Dott. ODELLA Stefano MA IL PODOLOGO COSA FA? \u00a0 Il Podologo \u00e8 un professionista della Sanit\u00e0, che tratta tutte le patologie del piede, doloroso e non. Pu\u00f2 prestare anche assistenza domiciliare alle persone disabili e agli anziani in difficolt\u00e0 nella deambulazione. ESAME DEL PIEDE Lo studio approfondito del piede, dell\u2019appoggio, del cammino e della&hellip; Continua a leggere Podologia","og_url":"http:\/\/www.medicalcentresas.it\/home\/servizi\/podologia\/","og_site_name":"Medical Centre","article_modified_time":"2021-10-26T10:12:36+00:00","og_image":[{"url":"https:\/\/www.valdisievehospital.it\/wp-content\/uploads\/2016\/06\/Analisi-postura-300x190.png","type":"","width":"","height":""}],"twitter_card":"summary_large_image","twitter_misc":{"Tempo di lettura stimato":"1 minuto"},"schema":{"@context":"https:\/\/schema.org","@graph":[{"@type":"WebPage","@id":"http:\/\/www.medicalcentresas.it\/home\/servizi\/podologia\/","url":"http:\/\/www.medicalcentresas.it\/home\/servizi\/podologia\/","name":"Podologia - Medical Centre","isPartOf":{"@id":"http:\/\/www.medicalcentresas.it\/home\/#website"},"primaryImageOfPage":{"@id":"http:\/\/www.medicalcentresas.it\/home\/servizi\/podologia\/#primaryimage"},"image":{"@id":"http:\/\/www.medicalcentresas.it\/home\/servizi\/podologia\/#primaryimage"},"thumbnailUrl":"https:\/\/www.valdisievehospital.it\/wp-content\/uploads\/2016\/06\/Analisi-postura-300x190.png","datePublished":"2021-01-27T10:33:35+00:00","dateModified":"2021-10-26T10:12:36+00:00","breadcrumb":{"@id":"http:\/\/www.medicalcentresas.it\/home\/servizi\/podologia\/#breadcrumb"},"inLanguage":"it-IT","potentialAction":[{"@type":"ReadAction","target":["http:\/\/www.medicalcentresas.it\/home\/servizi\/podologia\/"]}]},{"@type":"ImageObject","inLanguage":"it-IT","@id":"http:\/\/www.medicalcentresas.it\/home\/servizi\/podologia\/#primaryimage","url":"https:\/\/www.valdisievehospital.it\/wp-content\/uploads\/2016\/06\/Analisi-postura-300x190.png","contentUrl":"https:\/\/www.valdisievehospital.it\/wp-content\/uploads\/2016\/06\/Analisi-postura-300x190.png"},{"@type":"BreadcrumbList","@id":"http:\/\/www.medicalcentresas.it\/home\/servizi\/podologia\/#breadcrumb","itemListElement":[{"@type":"ListItem","position":1,"name":"Home","item":"http:\/\/www.medicalcentresas.it\/home\/"},{"@type":"ListItem","position":2,"name":"SERVIZI","item":"http:\/\/www.medicalcentresas.it\/home\/servizi\/"},{"@type":"ListItem","position":3,"name":"Podologia"}]},{"@type":"WebSite","@id":"http:\/\/www.medicalcentresas.it\/home\/#website","url":"http:\/\/www.medicalcentresas.it\/home\/","name":"Medical Centre","description":"Poliambulatorio Specialistico","publisher":{"@id":"http:\/\/www.medicalcentresas.it\/home\/#organization"},"potentialAction":[{"@type":"SearchAction","target":{"@type":"EntryPoint","urlTemplate":"http:\/\/www.medicalcentresas.it\/home\/?s={search_term_string}"},"query-input":{"@type":"PropertyValueSpecification","valueRequired":true,"valueName":"search_term_string"}}],"inLanguage":"it-IT"},{"@type":"Organization","@id":"http:\/\/www.medicalcentresas.it\/home\/#organization","name":"Medical Centre","url":"http:\/\/www.medicalcentresas.it\/home\/","logo":{"@type":"ImageObject","inLanguage":"it-IT","@id":"http:\/\/www.medicalcentresas.it\/home\/#\/schema\/logo\/image\/","url":"http:\/\/www.medicalcentresas.it\/home\/wp-content\/uploads\/2026\/02\/Medical-Centre-scaled.png","contentUrl":"http:\/\/www.medicalcentresas.it\/home\/wp-content\/uploads\/2026\/02\/Medical-Centre-scaled.png","width":2560,"height":1073,"caption":"Medical Centre"},"image":{"@id":"http:\/\/www.medicalcentresas.it\/home\/#\/schema\/logo\/image\/"}}]}},"_links":{"self":[{"href":"http:\/\/www.medicalcentresas.it\/home\/wp-json\/wp\/v2\/pages\/318","targetHints":{"allow":["GET"]}}],"collection":[{"href":"http:\/\/www.medicalcentresas.it\/home\/wp-json\/wp\/v2\/pages"}],"about":[{"href":"http:\/\/www.medicalcentresas.it\/home\/wp-json\/wp\/v2\/types\/page"}],"author":[{"embeddable":true,"href":"http:\/\/www.medicalcentresas.it\/home\/wp-json\/wp\/v2\/users\/1"}],"replies":[{"embeddable":true,"href":"http:\/\/www.medicalcentresas.it\/home\/wp-json\/wp\/v2\/comments?post=318"}],"version-history":[{"count":14,"href":"http:\/\/www.medicalcentresas.it\/home\/wp-json\/wp\/v2\/pages\/318\/revisions"}],"predecessor-version":[{"id":2304,"href":"http:\/\/www.medicalcentresas.it\/home\/wp-json\/wp\/v2\/pages\/318\/revisions\/2304"}],"up":[{"embeddable":true,"href":"http:\/\/www.medicalcentresas.it\/home\/wp-json\/wp\/v2\/pages\/100"}],"wp:attachment":[{"href":"http:\/\/www.medicalcentresas.it\/home\/wp-json\/wp\/v2\/media?parent=318"}],"curies":[{"name":"wp","href":"https:\/\/api.w.org\/{rel}","templated":true}]}}