{"id":304,"date":"2021-01-27T11:19:26","date_gmt":"2021-01-27T10:19:26","guid":{"rendered":"http:\/\/www.medicalcentresas.it\/home\/?page_id=304"},"modified":"2021-11-11T14:13:17","modified_gmt":"2021-11-11T13:13:17","slug":"pneumologia","status":"publish","type":"page","link":"http:\/\/www.medicalcentresas.it\/home\/servizi\/pneumologia\/","title":{"rendered":"Pneumologia"},"content":{"rendered":"\t\t<div data-elementor-type=\"wp-page\" data-elementor-id=\"304\" class=\"elementor elementor-304\" data-elementor-post-type=\"page\">\n\t\t\t\t\t\t<section class=\"elementor-section elementor-top-section elementor-element elementor-element-a090ce1 elementor-section-boxed elementor-section-height-default elementor-section-height-default\" data-id=\"a090ce1\" data-element_type=\"section\" data-e-type=\"section\">\n\t\t\t\t\t\t<div class=\"elementor-container elementor-column-gap-default\">\n\t\t\t\t\t<div class=\"elementor-column elementor-col-100 elementor-top-column elementor-element elementor-element-53b3446\" data-id=\"53b3446\" data-element_type=\"column\" data-e-type=\"column\">\n\t\t\t<div class=\"elementor-widget-wrap elementor-element-populated\">\n\t\t\t\t\t\t<div class=\"elementor-element elementor-element-37f90f8 elementor-widget elementor-widget-heading\" data-id=\"37f90f8\" data-element_type=\"widget\" data-e-type=\"widget\" data-widget_type=\"heading.default\">\n\t\t\t\t<div class=\"elementor-widget-container\">\n\t\t\t\t\t<h2 class=\"elementor-heading-title elementor-size-default\">Pneumologia<\/h2>\t\t\t\t<\/div>\n\t\t\t\t<\/div>\n\t\t\t\t\t<\/div>\n\t\t<\/div>\n\t\t\t\t\t<\/div>\n\t\t<\/section>\n\t\t\t\t<section class=\"elementor-section elementor-top-section elementor-element elementor-element-6fdc8a1 elementor-section-boxed elementor-section-height-default elementor-section-height-default\" data-id=\"6fdc8a1\" data-element_type=\"section\" data-e-type=\"section\">\n\t\t\t\t\t\t<div class=\"elementor-container elementor-column-gap-default\">\n\t\t\t\t\t<div class=\"elementor-column elementor-col-100 elementor-top-column elementor-element elementor-element-151e929\" data-id=\"151e929\" data-element_type=\"column\" data-e-type=\"column\">\n\t\t\t<div class=\"elementor-widget-wrap elementor-element-populated\">\n\t\t\t\t\t\t<div class=\"elementor-element elementor-element-ee9dc52 elementor-widget elementor-widget-text-editor\" data-id=\"ee9dc52\" data-element_type=\"widget\" data-e-type=\"widget\" data-widget_type=\"text-editor.default\">\n\t\t\t\t<div class=\"elementor-widget-container\">\n\t\t\t\t\t\t\t\t\t<p><strong>Dott. TAMORRI Ettore<\/strong><\/p>\t\t\t\t\t\t\t\t<\/div>\n\t\t\t\t<\/div>\n\t\t\t\t\t<\/div>\n\t\t<\/div>\n\t\t\t\t\t<\/div>\n\t\t<\/section>\n\t\t\t\t<section class=\"elementor-section elementor-top-section elementor-element elementor-element-14d3721 elementor-section-boxed elementor-section-height-default elementor-section-height-default\" data-id=\"14d3721\" data-element_type=\"section\" data-e-type=\"section\">\n\t\t\t\t\t\t<div class=\"elementor-container elementor-column-gap-default\">\n\t\t\t\t\t<div class=\"elementor-column elementor-col-50 elementor-top-column elementor-element elementor-element-753cbd5\" data-id=\"753cbd5\" data-element_type=\"column\" data-e-type=\"column\">\n\t\t\t<div class=\"elementor-widget-wrap elementor-element-populated\">\n\t\t\t\t\t\t<div class=\"elementor-element elementor-element-4936d40 elementor-widget elementor-widget-image\" data-id=\"4936d40\" data-element_type=\"widget\" data-e-type=\"widget\" data-widget_type=\"image.default\">\n\t\t\t\t<div class=\"elementor-widget-container\">\n\t\t\t\t\t\t\t\t\t\t\t\t\t\t\t<img fetchpriority=\"high\" decoding=\"async\" width=\"750\" height=\"472\" src=\"https:\/\/www.medicalcentresas.it\/home\/wp-content\/uploads\/2021\/10\/funzionamento-del-respiro-03-1024x644.png\" class=\"attachment-large size-large wp-image-1394\" alt=\"\" srcset=\"https:\/\/www.medicalcentresas.it\/home\/wp-content\/uploads\/2021\/10\/funzionamento-del-respiro-03-1024x644.png 1024w, https:\/\/www.medicalcentresas.it\/home\/wp-content\/uploads\/2021\/10\/funzionamento-del-respiro-03-300x189.png 300w, https:\/\/www.medicalcentresas.it\/home\/wp-content\/uploads\/2021\/10\/funzionamento-del-respiro-03-768x483.png 768w, https:\/\/www.medicalcentresas.it\/home\/wp-content\/uploads\/2021\/10\/funzionamento-del-respiro-03.png 1200w\" sizes=\"(max-width: 750px) 100vw, 750px\" style=\"width:100%;height:62.92%;max-width:1200px\" \/>\t\t\t\t\t\t\t\t\t\t\t\t\t\t\t<\/div>\n\t\t\t\t<\/div>\n\t\t\t\t<div class=\"elementor-element elementor-element-48f57fc elementor-widget elementor-widget-image\" data-id=\"48f57fc\" data-element_type=\"widget\" data-e-type=\"widget\" data-widget_type=\"image.default\">\n\t\t\t\t<div class=\"elementor-widget-container\">\n\t\t\t\t\t\t\t\t\t\t\t\t\t\t\t<img decoding=\"async\" width=\"750\" height=\"292\" src=\"https:\/\/www.medicalcentresas.it\/home\/wp-content\/uploads\/2021\/10\/La-spirometria-test-funzionalita-polmonare-1024x398-1.jpg\" class=\"attachment-large size-large wp-image-1423\" alt=\"\" srcset=\"https:\/\/www.medicalcentresas.it\/home\/wp-content\/uploads\/2021\/10\/La-spirometria-test-funzionalita-polmonare-1024x398-1.jpg 1024w, https:\/\/www.medicalcentresas.it\/home\/wp-content\/uploads\/2021\/10\/La-spirometria-test-funzionalita-polmonare-1024x398-1-300x117.jpg 300w, https:\/\/www.medicalcentresas.it\/home\/wp-content\/uploads\/2021\/10\/La-spirometria-test-funzionalita-polmonare-1024x398-1-768x299.jpg 768w\" sizes=\"(max-width: 750px) 100vw, 750px\" style=\"width:100%;height:38.87%;max-width:1024px\" \/>\t\t\t\t\t\t\t\t\t\t\t\t\t\t\t<\/div>\n\t\t\t\t<\/div>\n\t\t\t\t<div class=\"elementor-element elementor-element-e8a0026 elementor-widget elementor-widget-image\" data-id=\"e8a0026\" data-element_type=\"widget\" data-e-type=\"widget\" data-widget_type=\"image.default\">\n\t\t\t\t<div class=\"elementor-widget-container\">\n\t\t\t\t\t\t\t\t\t\t\t\t\t\t\t<img decoding=\"async\" width=\"750\" height=\"349\" src=\"https:\/\/www.medicalcentresas.it\/home\/wp-content\/uploads\/2021\/10\/0010_Pneumologia.jpg\" class=\"attachment-large size-large wp-image-1424\" alt=\"\" srcset=\"https:\/\/www.medicalcentresas.it\/home\/wp-content\/uploads\/2021\/10\/0010_Pneumologia.jpg 870w, https:\/\/www.medicalcentresas.it\/home\/wp-content\/uploads\/2021\/10\/0010_Pneumologia-300x140.jpg 300w, https:\/\/www.medicalcentresas.it\/home\/wp-content\/uploads\/2021\/10\/0010_Pneumologia-768x358.jpg 768w\" sizes=\"(max-width: 750px) 100vw, 750px\" style=\"width:100%;height:46.55%;max-width:870px\" \/>\t\t\t\t\t\t\t\t\t\t\t\t\t\t\t<\/div>\n\t\t\t\t<\/div>\n\t\t\t\t<div class=\"elementor-element elementor-element-daf867e elementor-widget elementor-widget-image\" data-id=\"daf867e\" data-element_type=\"widget\" data-e-type=\"widget\" data-widget_type=\"image.default\">\n\t\t\t\t<div class=\"elementor-widget-container\">\n\t\t\t\t\t\t\t\t\t\t\t\t\t\t\t<img loading=\"lazy\" decoding=\"async\" width=\"750\" height=\"422\" src=\"https:\/\/www.medicalcentresas.it\/home\/wp-content\/uploads\/2021\/11\/Plmoni-e-Covid-Pneumologo-1024x576.jpeg\" class=\"attachment-large size-large wp-image-1699\" alt=\"\" srcset=\"https:\/\/www.medicalcentresas.it\/home\/wp-content\/uploads\/2021\/11\/Plmoni-e-Covid-Pneumologo-1024x576.jpeg 1024w, https:\/\/www.medicalcentresas.it\/home\/wp-content\/uploads\/2021\/11\/Plmoni-e-Covid-Pneumologo-300x169.jpeg 300w, https:\/\/www.medicalcentresas.it\/home\/wp-content\/uploads\/2021\/11\/Plmoni-e-Covid-Pneumologo-768x432.jpeg 768w, https:\/\/www.medicalcentresas.it\/home\/wp-content\/uploads\/2021\/11\/Plmoni-e-Covid-Pneumologo.jpeg 1200w\" sizes=\"(max-width: 750px) 100vw, 750px\" style=\"width:100%;height:56.25%;max-width:1200px\" \/>\t\t\t\t\t\t\t\t\t\t\t\t\t\t\t<\/div>\n\t\t\t\t<\/div>\n\t\t\t\t<div class=\"elementor-element elementor-element-f79a8ac elementor-widget elementor-widget-image\" data-id=\"f79a8ac\" data-element_type=\"widget\" data-e-type=\"widget\" data-widget_type=\"image.default\">\n\t\t\t\t<div class=\"elementor-widget-container\">\n\t\t\t\t\t\t\t\t\t\t\t\t\t\t\t<img loading=\"lazy\" decoding=\"async\" width=\"503\" height=\"398\" src=\"https:\/\/www.medicalcentresas.it\/home\/wp-content\/uploads\/2021\/11\/polmoni-1.jpg\" class=\"attachment-large size-large wp-image-1700\" alt=\"\" srcset=\"https:\/\/www.medicalcentresas.it\/home\/wp-content\/uploads\/2021\/11\/polmoni-1.jpg 503w, https:\/\/www.medicalcentresas.it\/home\/wp-content\/uploads\/2021\/11\/polmoni-1-300x237.jpg 300w\" sizes=\"(max-width: 503px) 100vw, 503px\" style=\"width:100%;height:79.13%;max-width:503px\" \/>\t\t\t\t\t\t\t\t\t\t\t\t\t\t\t<\/div>\n\t\t\t\t<\/div>\n\t\t\t\t\t<\/div>\n\t\t<\/div>\n\t\t\t\t<div class=\"elementor-column elementor-col-50 elementor-top-column elementor-element elementor-element-3e24dcb\" data-id=\"3e24dcb\" data-element_type=\"column\" data-e-type=\"column\">\n\t\t\t<div class=\"elementor-widget-wrap elementor-element-populated\">\n\t\t\t\t\t\t<div class=\"elementor-element elementor-element-0a5152f elementor-widget elementor-widget-text-editor\" data-id=\"0a5152f\" data-element_type=\"widget\" data-e-type=\"widget\" data-widget_type=\"text-editor.default\">\n\t\t\t\t<div class=\"elementor-widget-container\">\n\t\t\t\t\t\t\t\t\t<h2>Di cosa si occupa il Pneumologo?<\/h2><p>Il <strong>Pneumologo\u00a0<\/strong>si occupa della diagnosi e della terapia delle patologie che possono colpire le strutture<\/p><p>dell&#8217; <strong>Apparato Respiratorio<\/strong>: laringe, trachea, bronchi, polmoni, diaframma e gabbia toracica. Curando le patologie diagnosticate cerca di prevenire la comparsa di un&#8217;insufficienza respiratoria o almeno di rallentarne il pi\u00f9 possibile la progressione.<br \/>Nel caso in cui rilevi la necessit\u00e0 di un intervento chirurgico pu\u00f2 lavorare in collaborazione con un chirurgo toracico o cardiovascolare. Inoltre pu\u00f2 avvalersi anche della collaborazione di un allergologo.<\/p><p>\u00a0<\/p><h4>Quali sono le patologie trattate pi\u00f9 spesso dal Pneumologo?<\/h4><p>\u00a0<\/p><p>Le patologie pi\u00f9 spesso trattate<\/p><p>dal <strong>Pneumologo\u00a0<\/strong>sono:<\/p><p>\u00a0<\/p><ul><li>Asma allergica.<\/li><li>Malattie infiammatorie come la laringite, le\u00a0bronchiti,\u00a0le\u00a0polmoniti e le brocopolmoniti, sia in forma acuta che cronica, come nel caso della Broncopneumopatia Cronica Ostruttiva (BPCO).<\/li><li>Tubercolosi.<\/li><li>Tumori al polmone.<\/li><li>Sarcoidosi.<br \/><br \/><\/li><\/ul>\t\t\t\t\t\t\t\t<\/div>\n\t\t\t\t<\/div>\n\t\t\t\t\t<\/div>\n\t\t<\/div>\n\t\t\t\t\t<\/div>\n\t\t<\/section>\n\t\t\t\t<section class=\"elementor-section elementor-top-section elementor-element elementor-element-e721af4 elementor-section-boxed elementor-section-height-default elementor-section-height-default\" data-id=\"e721af4\" data-element_type=\"section\" data-e-type=\"section\">\n\t\t\t\t\t\t<div class=\"elementor-container elementor-column-gap-default\">\n\t\t\t\t\t<div class=\"elementor-column elementor-col-100 elementor-top-column elementor-element elementor-element-1e5b1be\" data-id=\"1e5b1be\" data-element_type=\"column\" data-e-type=\"column\">\n\t\t\t<div class=\"elementor-widget-wrap\">\n\t\t\t\t\t\t\t<\/div>\n\t\t<\/div>\n\t\t\t\t\t<\/div>\n\t\t<\/section>\n\t\t\t\t<\/div>\n\t\t","protected":false},"excerpt":{"rendered":"<p>Pneumologia Dott. TAMORRI Ettore Di cosa si occupa il Pneumologo? Il Pneumologo\u00a0si occupa della diagnosi e della terapia delle patologie che possono colpire le strutture dell&#8217; Apparato Respiratorio: laringe, trachea, bronchi, polmoni, diaframma e gabbia toracica. Curando le patologie diagnosticate cerca di prevenire la comparsa di un&#8217;insufficienza respiratoria o almeno di rallentarne il pi\u00f9 possibile&hellip; <a class=\"more-link\" href=\"http:\/\/www.medicalcentresas.it\/home\/servizi\/pneumologia\/\">Continua a leggere <span class=\"screen-reader-text\">Pneumologia<\/span><\/a><\/p>\n","protected":false},"author":1,"featured_media":0,"parent":100,"menu_order":0,"comment_status":"closed","ping_status":"closed","template":"elementor_header_footer","meta":{"footnotes":""},"class_list":["post-304","page","type-page","status-publish","hentry","entry"],"yoast_head":"<!-- This site is optimized with the Yoast SEO plugin v27.0 - https:\/\/yoast.com\/product\/yoast-seo-wordpress\/ -->\n<title>Pneumologia - Medical Centre<\/title>\n<meta name=\"robots\" content=\"index, follow, max-snippet:-1, max-image-preview:large, max-video-preview:-1\" \/>\n<link rel=\"canonical\" href=\"https:\/\/www.medicalcentresas.it\/home\/servizi\/pneumologia\/\" \/>\n<meta property=\"og:locale\" content=\"it_IT\" \/>\n<meta property=\"og:type\" content=\"article\" \/>\n<meta property=\"og:title\" content=\"Pneumologia - Medical Centre\" \/>\n<meta property=\"og:description\" content=\"Pneumologia Dott. TAMORRI Ettore Di cosa si occupa il Pneumologo? Il Pneumologo\u00a0si occupa della diagnosi e della terapia delle patologie che possono colpire le strutture dell&#8217; Apparato Respiratorio: laringe, trachea, bronchi, polmoni, diaframma e gabbia toracica. Curando le patologie diagnosticate cerca di prevenire la comparsa di un&#8217;insufficienza respiratoria o almeno di rallentarne il pi\u00f9 possibile&hellip; Continua a leggere Pneumologia\" \/>\n<meta property=\"og:url\" content=\"https:\/\/www.medicalcentresas.it\/home\/servizi\/pneumologia\/\" \/>\n<meta property=\"og:site_name\" content=\"Medical Centre\" \/>\n<meta property=\"article:modified_time\" content=\"2021-11-11T13:13:17+00:00\" \/>\n<meta property=\"og:image\" content=\"http:\/\/www.medicalcentresas.it\/home\/wp-content\/uploads\/2021\/10\/funzionamento-del-respiro-03-1024x644.png\" \/>\n<meta name=\"twitter:card\" content=\"summary_large_image\" \/>\n<meta name=\"twitter:label1\" content=\"Tempo di lettura stimato\" \/>\n\t<meta name=\"twitter:data1\" content=\"1 minuto\" \/>\n<script type=\"application\/ld+json\" class=\"yoast-schema-graph\">{\"@context\":\"https:\/\/schema.org\",\"@graph\":[{\"@type\":\"WebPage\",\"@id\":\"https:\/\/www.medicalcentresas.it\/home\/servizi\/pneumologia\/\",\"url\":\"https:\/\/www.medicalcentresas.it\/home\/servizi\/pneumologia\/\",\"name\":\"Pneumologia - Medical Centre\",\"isPartOf\":{\"@id\":\"http:\/\/www.medicalcentresas.it\/home\/#website\"},\"primaryImageOfPage\":{\"@id\":\"https:\/\/www.medicalcentresas.it\/home\/servizi\/pneumologia\/#primaryimage\"},\"image\":{\"@id\":\"https:\/\/www.medicalcentresas.it\/home\/servizi\/pneumologia\/#primaryimage\"},\"thumbnailUrl\":\"http:\/\/www.medicalcentresas.it\/home\/wp-content\/uploads\/2021\/10\/funzionamento-del-respiro-03-1024x644.png\",\"datePublished\":\"2021-01-27T10:19:26+00:00\",\"dateModified\":\"2021-11-11T13:13:17+00:00\",\"breadcrumb\":{\"@id\":\"https:\/\/www.medicalcentresas.it\/home\/servizi\/pneumologia\/#breadcrumb\"},\"inLanguage\":\"it-IT\",\"potentialAction\":[{\"@type\":\"ReadAction\",\"target\":[\"https:\/\/www.medicalcentresas.it\/home\/servizi\/pneumologia\/\"]}]},{\"@type\":\"ImageObject\",\"inLanguage\":\"it-IT\",\"@id\":\"https:\/\/www.medicalcentresas.it\/home\/servizi\/pneumologia\/#primaryimage\",\"url\":\"http:\/\/www.medicalcentresas.it\/home\/wp-content\/uploads\/2021\/10\/funzionamento-del-respiro-03.png\",\"contentUrl\":\"http:\/\/www.medicalcentresas.it\/home\/wp-content\/uploads\/2021\/10\/funzionamento-del-respiro-03.png\",\"width\":1200,\"height\":755},{\"@type\":\"BreadcrumbList\",\"@id\":\"https:\/\/www.medicalcentresas.it\/home\/servizi\/pneumologia\/#breadcrumb\",\"itemListElement\":[{\"@type\":\"ListItem\",\"position\":1,\"name\":\"Home\",\"item\":\"https:\/\/www.medicalcentresas.it\/home\/\"},{\"@type\":\"ListItem\",\"position\":2,\"name\":\"SERVIZI\",\"item\":\"http:\/\/www.medicalcentresas.it\/home\/servizi\/\"},{\"@type\":\"ListItem\",\"position\":3,\"name\":\"Pneumologia\"}]},{\"@type\":\"WebSite\",\"@id\":\"http:\/\/www.medicalcentresas.it\/home\/#website\",\"url\":\"http:\/\/www.medicalcentresas.it\/home\/\",\"name\":\"Medical Centre\",\"description\":\"Poliambulatorio Specialistico\",\"publisher\":{\"@id\":\"http:\/\/www.medicalcentresas.it\/home\/#organization\"},\"potentialAction\":[{\"@type\":\"SearchAction\",\"target\":{\"@type\":\"EntryPoint\",\"urlTemplate\":\"http:\/\/www.medicalcentresas.it\/home\/?s={search_term_string}\"},\"query-input\":{\"@type\":\"PropertyValueSpecification\",\"valueRequired\":true,\"valueName\":\"search_term_string\"}}],\"inLanguage\":\"it-IT\"},{\"@type\":\"Organization\",\"@id\":\"http:\/\/www.medicalcentresas.it\/home\/#organization\",\"name\":\"Medical Centre\",\"url\":\"http:\/\/www.medicalcentresas.it\/home\/\",\"logo\":{\"@type\":\"ImageObject\",\"inLanguage\":\"it-IT\",\"@id\":\"http:\/\/www.medicalcentresas.it\/home\/#\/schema\/logo\/image\/\",\"url\":\"http:\/\/www.medicalcentresas.it\/home\/wp-content\/uploads\/2026\/02\/Medical-Centre-scaled.png\",\"contentUrl\":\"http:\/\/www.medicalcentresas.it\/home\/wp-content\/uploads\/2026\/02\/Medical-Centre-scaled.png\",\"width\":2560,\"height\":1073,\"caption\":\"Medical Centre\"},\"image\":{\"@id\":\"http:\/\/www.medicalcentresas.it\/home\/#\/schema\/logo\/image\/\"}}]}<\/script>\n<!-- \/ Yoast SEO plugin. -->","yoast_head_json":{"title":"Pneumologia - Medical Centre","robots":{"index":"index","follow":"follow","max-snippet":"max-snippet:-1","max-image-preview":"max-image-preview:large","max-video-preview":"max-video-preview:-1"},"canonical":"https:\/\/www.medicalcentresas.it\/home\/servizi\/pneumologia\/","og_locale":"it_IT","og_type":"article","og_title":"Pneumologia - Medical Centre","og_description":"Pneumologia Dott. TAMORRI Ettore Di cosa si occupa il Pneumologo? Il Pneumologo\u00a0si occupa della diagnosi e della terapia delle patologie che possono colpire le strutture dell&#8217; Apparato Respiratorio: laringe, trachea, bronchi, polmoni, diaframma e gabbia toracica. Curando le patologie diagnosticate cerca di prevenire la comparsa di un&#8217;insufficienza respiratoria o almeno di rallentarne il pi\u00f9 possibile&hellip; Continua a leggere Pneumologia","og_url":"https:\/\/www.medicalcentresas.it\/home\/servizi\/pneumologia\/","og_site_name":"Medical Centre","article_modified_time":"2021-11-11T13:13:17+00:00","og_image":[{"url":"http:\/\/www.medicalcentresas.it\/home\/wp-content\/uploads\/2021\/10\/funzionamento-del-respiro-03-1024x644.png","type":"","width":"","height":""}],"twitter_card":"summary_large_image","twitter_misc":{"Tempo di lettura stimato":"1 minuto"},"schema":{"@context":"https:\/\/schema.org","@graph":[{"@type":"WebPage","@id":"https:\/\/www.medicalcentresas.it\/home\/servizi\/pneumologia\/","url":"https:\/\/www.medicalcentresas.it\/home\/servizi\/pneumologia\/","name":"Pneumologia - Medical Centre","isPartOf":{"@id":"http:\/\/www.medicalcentresas.it\/home\/#website"},"primaryImageOfPage":{"@id":"https:\/\/www.medicalcentresas.it\/home\/servizi\/pneumologia\/#primaryimage"},"image":{"@id":"https:\/\/www.medicalcentresas.it\/home\/servizi\/pneumologia\/#primaryimage"},"thumbnailUrl":"http:\/\/www.medicalcentresas.it\/home\/wp-content\/uploads\/2021\/10\/funzionamento-del-respiro-03-1024x644.png","datePublished":"2021-01-27T10:19:26+00:00","dateModified":"2021-11-11T13:13:17+00:00","breadcrumb":{"@id":"https:\/\/www.medicalcentresas.it\/home\/servizi\/pneumologia\/#breadcrumb"},"inLanguage":"it-IT","potentialAction":[{"@type":"ReadAction","target":["https:\/\/www.medicalcentresas.it\/home\/servizi\/pneumologia\/"]}]},{"@type":"ImageObject","inLanguage":"it-IT","@id":"https:\/\/www.medicalcentresas.it\/home\/servizi\/pneumologia\/#primaryimage","url":"http:\/\/www.medicalcentresas.it\/home\/wp-content\/uploads\/2021\/10\/funzionamento-del-respiro-03.png","contentUrl":"http:\/\/www.medicalcentresas.it\/home\/wp-content\/uploads\/2021\/10\/funzionamento-del-respiro-03.png","width":1200,"height":755},{"@type":"BreadcrumbList","@id":"https:\/\/www.medicalcentresas.it\/home\/servizi\/pneumologia\/#breadcrumb","itemListElement":[{"@type":"ListItem","position":1,"name":"Home","item":"https:\/\/www.medicalcentresas.it\/home\/"},{"@type":"ListItem","position":2,"name":"SERVIZI","item":"http:\/\/www.medicalcentresas.it\/home\/servizi\/"},{"@type":"ListItem","position":3,"name":"Pneumologia"}]},{"@type":"WebSite","@id":"http:\/\/www.medicalcentresas.it\/home\/#website","url":"http:\/\/www.medicalcentresas.it\/home\/","name":"Medical Centre","description":"Poliambulatorio Specialistico","publisher":{"@id":"http:\/\/www.medicalcentresas.it\/home\/#organization"},"potentialAction":[{"@type":"SearchAction","target":{"@type":"EntryPoint","urlTemplate":"http:\/\/www.medicalcentresas.it\/home\/?s={search_term_string}"},"query-input":{"@type":"PropertyValueSpecification","valueRequired":true,"valueName":"search_term_string"}}],"inLanguage":"it-IT"},{"@type":"Organization","@id":"http:\/\/www.medicalcentresas.it\/home\/#organization","name":"Medical Centre","url":"http:\/\/www.medicalcentresas.it\/home\/","logo":{"@type":"ImageObject","inLanguage":"it-IT","@id":"http:\/\/www.medicalcentresas.it\/home\/#\/schema\/logo\/image\/","url":"http:\/\/www.medicalcentresas.it\/home\/wp-content\/uploads\/2026\/02\/Medical-Centre-scaled.png","contentUrl":"http:\/\/www.medicalcentresas.it\/home\/wp-content\/uploads\/2026\/02\/Medical-Centre-scaled.png","width":2560,"height":1073,"caption":"Medical Centre"},"image":{"@id":"http:\/\/www.medicalcentresas.it\/home\/#\/schema\/logo\/image\/"}}]}},"_links":{"self":[{"href":"http:\/\/www.medicalcentresas.it\/home\/wp-json\/wp\/v2\/pages\/304","targetHints":{"allow":["GET"]}}],"collection":[{"href":"http:\/\/www.medicalcentresas.it\/home\/wp-json\/wp\/v2\/pages"}],"about":[{"href":"http:\/\/www.medicalcentresas.it\/home\/wp-json\/wp\/v2\/types\/page"}],"author":[{"embeddable":true,"href":"http:\/\/www.medicalcentresas.it\/home\/wp-json\/wp\/v2\/users\/1"}],"replies":[{"embeddable":true,"href":"http:\/\/www.medicalcentresas.it\/home\/wp-json\/wp\/v2\/comments?post=304"}],"version-history":[{"count":11,"href":"http:\/\/www.medicalcentresas.it\/home\/wp-json\/wp\/v2\/pages\/304\/revisions"}],"predecessor-version":[{"id":1703,"href":"http:\/\/www.medicalcentresas.it\/home\/wp-json\/wp\/v2\/pages\/304\/revisions\/1703"}],"up":[{"embeddable":true,"href":"http:\/\/www.medicalcentresas.it\/home\/wp-json\/wp\/v2\/pages\/100"}],"wp:attachment":[{"href":"http:\/\/www.medicalcentresas.it\/home\/wp-json\/wp\/v2\/media?parent=304"}],"curies":[{"name":"wp","href":"https:\/\/api.w.org\/{rel}","templated":true}]}}