{"id":294,"date":"2021-01-27T11:13:47","date_gmt":"2021-01-27T10:13:47","guid":{"rendered":"http:\/\/www.medicalcentresas.it\/home\/?page_id=294"},"modified":"2023-06-24T09:59:24","modified_gmt":"2023-06-24T07:59:24","slug":"psichiatria","status":"publish","type":"page","link":"http:\/\/www.medicalcentresas.it\/home\/servizi\/psichiatria\/","title":{"rendered":"Psichiatria"},"content":{"rendered":"\t\t<div data-elementor-type=\"wp-page\" data-elementor-id=\"294\" class=\"elementor elementor-294\" data-elementor-post-type=\"page\">\n\t\t\t\t\t\t<section class=\"elementor-section elementor-top-section elementor-element elementor-element-f50a874 elementor-section-boxed elementor-section-height-default elementor-section-height-default\" data-id=\"f50a874\" data-element_type=\"section\" data-e-type=\"section\">\n\t\t\t\t\t\t<div class=\"elementor-container elementor-column-gap-default\">\n\t\t\t\t\t<div class=\"elementor-column elementor-col-100 elementor-top-column elementor-element elementor-element-1a06e7f\" data-id=\"1a06e7f\" data-element_type=\"column\" data-e-type=\"column\">\n\t\t\t<div class=\"elementor-widget-wrap elementor-element-populated\">\n\t\t\t\t\t\t<div class=\"elementor-element elementor-element-012165d elementor-widget elementor-widget-heading\" data-id=\"012165d\" data-element_type=\"widget\" data-e-type=\"widget\" data-widget_type=\"heading.default\">\n\t\t\t\t<div class=\"elementor-widget-container\">\n\t\t\t\t\t<h2 class=\"elementor-heading-title elementor-size-default\">Psichiatria<\/h2>\t\t\t\t<\/div>\n\t\t\t\t<\/div>\n\t\t\t\t\t<\/div>\n\t\t<\/div>\n\t\t\t\t\t<\/div>\n\t\t<\/section>\n\t\t\t\t<section class=\"elementor-section elementor-top-section elementor-element elementor-element-b8846d4 elementor-section-boxed elementor-section-height-default elementor-section-height-default\" data-id=\"b8846d4\" data-element_type=\"section\" data-e-type=\"section\">\n\t\t\t\t\t\t<div class=\"elementor-container elementor-column-gap-default\">\n\t\t\t\t\t<div class=\"elementor-column elementor-col-100 elementor-top-column elementor-element elementor-element-a112903\" data-id=\"a112903\" data-element_type=\"column\" data-e-type=\"column\">\n\t\t\t<div class=\"elementor-widget-wrap elementor-element-populated\">\n\t\t\t\t\t\t<div class=\"elementor-element elementor-element-2409a07 elementor-widget elementor-widget-text-editor\" data-id=\"2409a07\" data-element_type=\"widget\" data-e-type=\"widget\" data-widget_type=\"text-editor.default\">\n\t\t\t\t<div class=\"elementor-widget-container\">\n\t\t\t\t\t\t\t\t\t<p><strong>Dott. MINA Davide &#8211; Dott.ssa VECERINA Tiziana<\/strong><\/p>\t\t\t\t\t\t\t\t<\/div>\n\t\t\t\t<\/div>\n\t\t\t\t\t<\/div>\n\t\t<\/div>\n\t\t\t\t\t<\/div>\n\t\t<\/section>\n\t\t\t\t<section class=\"elementor-section elementor-top-section elementor-element elementor-element-e5b35f4 elementor-section-boxed elementor-section-height-default elementor-section-height-default\" data-id=\"e5b35f4\" data-element_type=\"section\" data-e-type=\"section\">\n\t\t\t\t\t\t<div class=\"elementor-container elementor-column-gap-default\">\n\t\t\t\t\t<div class=\"elementor-column elementor-col-50 elementor-top-column elementor-element elementor-element-d849f5b\" data-id=\"d849f5b\" data-element_type=\"column\" data-e-type=\"column\">\n\t\t\t<div class=\"elementor-widget-wrap elementor-element-populated\">\n\t\t\t\t\t\t<div class=\"elementor-element elementor-element-f205af5 elementor-widget elementor-widget-image\" data-id=\"f205af5\" data-element_type=\"widget\" data-e-type=\"widget\" data-widget_type=\"image.default\">\n\t\t\t\t<div class=\"elementor-widget-container\">\n\t\t\t\t\t\t\t\t\t\t\t\t\t\t\t<img fetchpriority=\"high\" decoding=\"async\" width=\"750\" height=\"501\" src=\"https:\/\/www.medicalcentresas.it\/home\/wp-content\/uploads\/2021\/10\/Psichiatria-min-770x514-1.jpg\" class=\"attachment-large size-large wp-image-1453\" alt=\"\" srcset=\"https:\/\/www.medicalcentresas.it\/home\/wp-content\/uploads\/2021\/10\/Psichiatria-min-770x514-1.jpg 770w, https:\/\/www.medicalcentresas.it\/home\/wp-content\/uploads\/2021\/10\/Psichiatria-min-770x514-1-300x200.jpg 300w, https:\/\/www.medicalcentresas.it\/home\/wp-content\/uploads\/2021\/10\/Psichiatria-min-770x514-1-768x513.jpg 768w\" sizes=\"(max-width: 750px) 100vw, 750px\" style=\"width:100%;height:66.75%;max-width:770px\" \/>\t\t\t\t\t\t\t\t\t\t\t\t\t\t\t<\/div>\n\t\t\t\t<\/div>\n\t\t\t\t<div class=\"elementor-element elementor-element-2701be8 elementor-widget elementor-widget-image\" data-id=\"2701be8\" data-element_type=\"widget\" data-e-type=\"widget\" data-widget_type=\"image.default\">\n\t\t\t\t<div class=\"elementor-widget-container\">\n\t\t\t\t\t\t\t\t\t\t\t\t\t\t\t<img decoding=\"async\" width=\"277\" height=\"182\" src=\"https:\/\/www.medicalcentresas.it\/home\/wp-content\/uploads\/2021\/10\/download.png\" class=\"attachment-large size-large wp-image-1454\" alt=\"\" style=\"width:100%;height:65.7%;max-width:277px\" \/>\t\t\t\t\t\t\t\t\t\t\t\t\t\t\t<\/div>\n\t\t\t\t<\/div>\n\t\t\t\t<div class=\"elementor-element elementor-element-e6a292d elementor-widget elementor-widget-image\" data-id=\"e6a292d\" data-element_type=\"widget\" data-e-type=\"widget\" data-widget_type=\"image.default\">\n\t\t\t\t<div class=\"elementor-widget-container\">\n\t\t\t\t\t\t\t\t\t\t\t\t\t\t\t<img decoding=\"async\" width=\"464\" height=\"430\" src=\"https:\/\/www.medicalcentresas.it\/home\/wp-content\/uploads\/2021\/10\/disturbi-cognitivi-del-paziente-psichiatrico.jpg\" class=\"attachment-large size-large wp-image-1450\" alt=\"\" srcset=\"https:\/\/www.medicalcentresas.it\/home\/wp-content\/uploads\/2021\/10\/disturbi-cognitivi-del-paziente-psichiatrico.jpg 464w, https:\/\/www.medicalcentresas.it\/home\/wp-content\/uploads\/2021\/10\/disturbi-cognitivi-del-paziente-psichiatrico-300x278.jpg 300w\" sizes=\"(max-width: 464px) 100vw, 464px\" style=\"width:100%;height:92.67%;max-width:464px\" \/>\t\t\t\t\t\t\t\t\t\t\t\t\t\t\t<\/div>\n\t\t\t\t<\/div>\n\t\t\t\t\t<\/div>\n\t\t<\/div>\n\t\t\t\t<div class=\"elementor-column elementor-col-50 elementor-top-column elementor-element elementor-element-7a428a8\" data-id=\"7a428a8\" data-element_type=\"column\" data-e-type=\"column\">\n\t\t\t<div class=\"elementor-widget-wrap elementor-element-populated\">\n\t\t\t\t\t\t<div class=\"elementor-element elementor-element-f9e170d elementor-widget elementor-widget-image\" data-id=\"f9e170d\" data-element_type=\"widget\" data-e-type=\"widget\" data-widget_type=\"image.default\">\n\t\t\t\t<div class=\"elementor-widget-container\">\n\t\t\t\t\t\t\t\t\t\t\t\t\t\t\t<img loading=\"lazy\" decoding=\"async\" width=\"306\" height=\"164\" src=\"https:\/\/www.medicalcentresas.it\/home\/wp-content\/uploads\/2021\/10\/images.jpg\" class=\"attachment-large size-large wp-image-1451\" alt=\"\" srcset=\"https:\/\/www.medicalcentresas.it\/home\/wp-content\/uploads\/2021\/10\/images.jpg 306w, https:\/\/www.medicalcentresas.it\/home\/wp-content\/uploads\/2021\/10\/images-300x161.jpg 300w\" sizes=\"(max-width: 306px) 100vw, 306px\" style=\"width:100%;height:53.59%;max-width:306px\" \/>\t\t\t\t\t\t\t\t\t\t\t\t\t\t\t<\/div>\n\t\t\t\t<\/div>\n\t\t\t\t<div class=\"elementor-element elementor-element-81c33c4 elementor-widget elementor-widget-text-editor\" data-id=\"81c33c4\" data-element_type=\"widget\" data-e-type=\"widget\" data-widget_type=\"text-editor.default\">\n\t\t\t\t<div class=\"elementor-widget-container\">\n\t\t\t\t\t\t\t\t\t<div><h4>\u00a0<\/h4><h4><strong>QUANDO E&#8217; NECESSARIO RIVOLGERSI <\/strong><\/h4><h4><strong>ALLO PSICHIATRA?<\/strong><\/h4><p>\u00a0<\/p><p>E\u2019 opinione comune che sia necessario rivolgersi allo psichiatra solo in caso di patologie\u00a0<\/p><\/div><div><div>gravi come la schizofrenia, e non per le forme di disagio pi\u00f9 lievi e pi\u00f9 comuni.<\/div><div>\u00c8 vero che lo psichiatra pu\u00f2 gestire anche patologie gravi, ma queste rappresentano solo una minima parte dei disturbi psichici, Infatti, oltre alle malattie psichiatriche gravi esistono moltissime forme lievi di disagio: Tra queste le principali sono i disturbi d\u2019ansia, le forme depressive lievi, i disturbi del sonno.<\/div><div><div>Tuttavia a volte anche i medici di famiglia non riconoscono la necessit\u00e0 dello specialista, e in alcuni casi, soprattutto per disturbi d\u2019ansia e insonnia, invece di consigliare una visita psichiatrica prescrivono ansiolitici e ipnotici, che risolvono solo momentaneamente e causano inoltre tolleranza (il fisico si abitua ed \u00e8 necessario un dosaggio sempre pi\u00f9 alto per ottenere lo stesso effetto) e dipendenza (si ha una crisi d\u2019astinenza se il farmaco viene interrotto improvvisamente).\u00a0<\/div><div>I trattamenti farmacologici prescritti dallo specialista in psichiatria invece costituiscono una vera e propria cura e, al contrario di ci\u00f2 che molti pensano, non causano dipendenza ma al termine del periodo di cura vanno progressivamente sospesi.<\/div><div>Rivolgersi allo psichiatra non \u00e8 un segno di debolezza ma una scelta matura di chi ha a cuore la propria salute.<\/div><\/div><\/div>\t\t\t\t\t\t\t\t<\/div>\n\t\t\t\t<\/div>\n\t\t\t\t\t<\/div>\n\t\t<\/div>\n\t\t\t\t\t<\/div>\n\t\t<\/section>\n\t\t\t\t<section class=\"elementor-section elementor-top-section elementor-element elementor-element-34ec76d elementor-section-boxed elementor-section-height-default elementor-section-height-default\" data-id=\"34ec76d\" data-element_type=\"section\" data-e-type=\"section\">\n\t\t\t\t\t\t<div class=\"elementor-container elementor-column-gap-default\">\n\t\t\t\t\t<div class=\"elementor-column elementor-col-100 elementor-top-column elementor-element elementor-element-9ea8b7b\" data-id=\"9ea8b7b\" data-element_type=\"column\" data-e-type=\"column\">\n\t\t\t<div class=\"elementor-widget-wrap\">\n\t\t\t\t\t\t\t<\/div>\n\t\t<\/div>\n\t\t\t\t\t<\/div>\n\t\t<\/section>\n\t\t\t\t<\/div>\n\t\t","protected":false},"excerpt":{"rendered":"<p>Psichiatria Dott. MINA Davide &#8211; Dott.ssa VECERINA Tiziana \u00a0 QUANDO E&#8217; NECESSARIO RIVOLGERSI ALLO PSICHIATRA? \u00a0 E\u2019 opinione comune che sia necessario rivolgersi allo psichiatra solo in caso di patologie\u00a0 gravi come la schizofrenia, e non per le forme di disagio pi\u00f9 lievi e pi\u00f9 comuni.\u00c8 vero che lo psichiatra pu\u00f2 gestire anche patologie gravi,&hellip; <a class=\"more-link\" href=\"http:\/\/www.medicalcentresas.it\/home\/servizi\/psichiatria\/\">Continua a leggere <span class=\"screen-reader-text\">Psichiatria<\/span><\/a><\/p>\n","protected":false},"author":1,"featured_media":0,"parent":100,"menu_order":0,"comment_status":"closed","ping_status":"closed","template":"elementor_header_footer","meta":{"footnotes":""},"class_list":["post-294","page","type-page","status-publish","hentry","entry"],"yoast_head":"<!-- This site is optimized with the Yoast SEO plugin v27.0 - https:\/\/yoast.com\/product\/yoast-seo-wordpress\/ -->\n<title>Psichiatria - Medical Centre<\/title>\n<meta name=\"robots\" content=\"index, follow, max-snippet:-1, max-image-preview:large, max-video-preview:-1\" \/>\n<link rel=\"canonical\" href=\"https:\/\/www.medicalcentresas.it\/home\/servizi\/psichiatria\/\" \/>\n<meta property=\"og:locale\" content=\"it_IT\" \/>\n<meta property=\"og:type\" content=\"article\" \/>\n<meta property=\"og:title\" content=\"Psichiatria - Medical Centre\" \/>\n<meta property=\"og:description\" content=\"Psichiatria Dott. MINA Davide &#8211; Dott.ssa VECERINA Tiziana \u00a0 QUANDO E&#8217; NECESSARIO RIVOLGERSI ALLO PSICHIATRA? \u00a0 E\u2019 opinione comune che sia necessario rivolgersi allo psichiatra solo in caso di patologie\u00a0 gravi come la schizofrenia, e non per le forme di disagio pi\u00f9 lievi e pi\u00f9 comuni.\u00c8 vero che lo psichiatra pu\u00f2 gestire anche patologie gravi,&hellip; Continua a leggere Psichiatria\" \/>\n<meta property=\"og:url\" content=\"https:\/\/www.medicalcentresas.it\/home\/servizi\/psichiatria\/\" \/>\n<meta property=\"og:site_name\" content=\"Medical Centre\" \/>\n<meta property=\"article:modified_time\" content=\"2023-06-24T07:59:24+00:00\" \/>\n<meta property=\"og:image\" content=\"http:\/\/www.medicalcentresas.it\/home\/wp-content\/uploads\/2021\/10\/Psichiatria-min-770x514-1.jpg\" \/>\n<meta name=\"twitter:card\" content=\"summary_large_image\" \/>\n<meta name=\"twitter:label1\" content=\"Tempo di lettura stimato\" \/>\n\t<meta name=\"twitter:data1\" content=\"1 minuto\" \/>\n<script type=\"application\/ld+json\" class=\"yoast-schema-graph\">{\"@context\":\"https:\/\/schema.org\",\"@graph\":[{\"@type\":\"WebPage\",\"@id\":\"https:\/\/www.medicalcentresas.it\/home\/servizi\/psichiatria\/\",\"url\":\"https:\/\/www.medicalcentresas.it\/home\/servizi\/psichiatria\/\",\"name\":\"Psichiatria - Medical Centre\",\"isPartOf\":{\"@id\":\"http:\/\/www.medicalcentresas.it\/home\/#website\"},\"primaryImageOfPage\":{\"@id\":\"https:\/\/www.medicalcentresas.it\/home\/servizi\/psichiatria\/#primaryimage\"},\"image\":{\"@id\":\"https:\/\/www.medicalcentresas.it\/home\/servizi\/psichiatria\/#primaryimage\"},\"thumbnailUrl\":\"http:\/\/www.medicalcentresas.it\/home\/wp-content\/uploads\/2021\/10\/Psichiatria-min-770x514-1.jpg\",\"datePublished\":\"2021-01-27T10:13:47+00:00\",\"dateModified\":\"2023-06-24T07:59:24+00:00\",\"breadcrumb\":{\"@id\":\"https:\/\/www.medicalcentresas.it\/home\/servizi\/psichiatria\/#breadcrumb\"},\"inLanguage\":\"it-IT\",\"potentialAction\":[{\"@type\":\"ReadAction\",\"target\":[\"https:\/\/www.medicalcentresas.it\/home\/servizi\/psichiatria\/\"]}]},{\"@type\":\"ImageObject\",\"inLanguage\":\"it-IT\",\"@id\":\"https:\/\/www.medicalcentresas.it\/home\/servizi\/psichiatria\/#primaryimage\",\"url\":\"http:\/\/www.medicalcentresas.it\/home\/wp-content\/uploads\/2021\/10\/Psichiatria-min-770x514-1.jpg\",\"contentUrl\":\"http:\/\/www.medicalcentresas.it\/home\/wp-content\/uploads\/2021\/10\/Psichiatria-min-770x514-1.jpg\",\"width\":770,\"height\":514},{\"@type\":\"BreadcrumbList\",\"@id\":\"https:\/\/www.medicalcentresas.it\/home\/servizi\/psichiatria\/#breadcrumb\",\"itemListElement\":[{\"@type\":\"ListItem\",\"position\":1,\"name\":\"Home\",\"item\":\"https:\/\/www.medicalcentresas.it\/home\/\"},{\"@type\":\"ListItem\",\"position\":2,\"name\":\"SERVIZI\",\"item\":\"http:\/\/www.medicalcentresas.it\/home\/servizi\/\"},{\"@type\":\"ListItem\",\"position\":3,\"name\":\"Psichiatria\"}]},{\"@type\":\"WebSite\",\"@id\":\"http:\/\/www.medicalcentresas.it\/home\/#website\",\"url\":\"http:\/\/www.medicalcentresas.it\/home\/\",\"name\":\"Medical Centre\",\"description\":\"Poliambulatorio Specialistico\",\"publisher\":{\"@id\":\"http:\/\/www.medicalcentresas.it\/home\/#organization\"},\"potentialAction\":[{\"@type\":\"SearchAction\",\"target\":{\"@type\":\"EntryPoint\",\"urlTemplate\":\"http:\/\/www.medicalcentresas.it\/home\/?s={search_term_string}\"},\"query-input\":{\"@type\":\"PropertyValueSpecification\",\"valueRequired\":true,\"valueName\":\"search_term_string\"}}],\"inLanguage\":\"it-IT\"},{\"@type\":\"Organization\",\"@id\":\"http:\/\/www.medicalcentresas.it\/home\/#organization\",\"name\":\"Medical Centre\",\"url\":\"http:\/\/www.medicalcentresas.it\/home\/\",\"logo\":{\"@type\":\"ImageObject\",\"inLanguage\":\"it-IT\",\"@id\":\"http:\/\/www.medicalcentresas.it\/home\/#\/schema\/logo\/image\/\",\"url\":\"http:\/\/www.medicalcentresas.it\/home\/wp-content\/uploads\/2026\/02\/Medical-Centre-scaled.png\",\"contentUrl\":\"http:\/\/www.medicalcentresas.it\/home\/wp-content\/uploads\/2026\/02\/Medical-Centre-scaled.png\",\"width\":2560,\"height\":1073,\"caption\":\"Medical Centre\"},\"image\":{\"@id\":\"http:\/\/www.medicalcentresas.it\/home\/#\/schema\/logo\/image\/\"}}]}<\/script>\n<!-- \/ Yoast SEO plugin. -->","yoast_head_json":{"title":"Psichiatria - Medical Centre","robots":{"index":"index","follow":"follow","max-snippet":"max-snippet:-1","max-image-preview":"max-image-preview:large","max-video-preview":"max-video-preview:-1"},"canonical":"https:\/\/www.medicalcentresas.it\/home\/servizi\/psichiatria\/","og_locale":"it_IT","og_type":"article","og_title":"Psichiatria - Medical Centre","og_description":"Psichiatria Dott. MINA Davide &#8211; Dott.ssa VECERINA Tiziana \u00a0 QUANDO E&#8217; NECESSARIO RIVOLGERSI ALLO PSICHIATRA? \u00a0 E\u2019 opinione comune che sia necessario rivolgersi allo psichiatra solo in caso di patologie\u00a0 gravi come la schizofrenia, e non per le forme di disagio pi\u00f9 lievi e pi\u00f9 comuni.\u00c8 vero che lo psichiatra pu\u00f2 gestire anche patologie gravi,&hellip; Continua a leggere Psichiatria","og_url":"https:\/\/www.medicalcentresas.it\/home\/servizi\/psichiatria\/","og_site_name":"Medical Centre","article_modified_time":"2023-06-24T07:59:24+00:00","og_image":[{"url":"http:\/\/www.medicalcentresas.it\/home\/wp-content\/uploads\/2021\/10\/Psichiatria-min-770x514-1.jpg","type":"","width":"","height":""}],"twitter_card":"summary_large_image","twitter_misc":{"Tempo di lettura stimato":"1 minuto"},"schema":{"@context":"https:\/\/schema.org","@graph":[{"@type":"WebPage","@id":"https:\/\/www.medicalcentresas.it\/home\/servizi\/psichiatria\/","url":"https:\/\/www.medicalcentresas.it\/home\/servizi\/psichiatria\/","name":"Psichiatria - Medical Centre","isPartOf":{"@id":"http:\/\/www.medicalcentresas.it\/home\/#website"},"primaryImageOfPage":{"@id":"https:\/\/www.medicalcentresas.it\/home\/servizi\/psichiatria\/#primaryimage"},"image":{"@id":"https:\/\/www.medicalcentresas.it\/home\/servizi\/psichiatria\/#primaryimage"},"thumbnailUrl":"http:\/\/www.medicalcentresas.it\/home\/wp-content\/uploads\/2021\/10\/Psichiatria-min-770x514-1.jpg","datePublished":"2021-01-27T10:13:47+00:00","dateModified":"2023-06-24T07:59:24+00:00","breadcrumb":{"@id":"https:\/\/www.medicalcentresas.it\/home\/servizi\/psichiatria\/#breadcrumb"},"inLanguage":"it-IT","potentialAction":[{"@type":"ReadAction","target":["https:\/\/www.medicalcentresas.it\/home\/servizi\/psichiatria\/"]}]},{"@type":"ImageObject","inLanguage":"it-IT","@id":"https:\/\/www.medicalcentresas.it\/home\/servizi\/psichiatria\/#primaryimage","url":"http:\/\/www.medicalcentresas.it\/home\/wp-content\/uploads\/2021\/10\/Psichiatria-min-770x514-1.jpg","contentUrl":"http:\/\/www.medicalcentresas.it\/home\/wp-content\/uploads\/2021\/10\/Psichiatria-min-770x514-1.jpg","width":770,"height":514},{"@type":"BreadcrumbList","@id":"https:\/\/www.medicalcentresas.it\/home\/servizi\/psichiatria\/#breadcrumb","itemListElement":[{"@type":"ListItem","position":1,"name":"Home","item":"https:\/\/www.medicalcentresas.it\/home\/"},{"@type":"ListItem","position":2,"name":"SERVIZI","item":"http:\/\/www.medicalcentresas.it\/home\/servizi\/"},{"@type":"ListItem","position":3,"name":"Psichiatria"}]},{"@type":"WebSite","@id":"http:\/\/www.medicalcentresas.it\/home\/#website","url":"http:\/\/www.medicalcentresas.it\/home\/","name":"Medical Centre","description":"Poliambulatorio Specialistico","publisher":{"@id":"http:\/\/www.medicalcentresas.it\/home\/#organization"},"potentialAction":[{"@type":"SearchAction","target":{"@type":"EntryPoint","urlTemplate":"http:\/\/www.medicalcentresas.it\/home\/?s={search_term_string}"},"query-input":{"@type":"PropertyValueSpecification","valueRequired":true,"valueName":"search_term_string"}}],"inLanguage":"it-IT"},{"@type":"Organization","@id":"http:\/\/www.medicalcentresas.it\/home\/#organization","name":"Medical Centre","url":"http:\/\/www.medicalcentresas.it\/home\/","logo":{"@type":"ImageObject","inLanguage":"it-IT","@id":"http:\/\/www.medicalcentresas.it\/home\/#\/schema\/logo\/image\/","url":"http:\/\/www.medicalcentresas.it\/home\/wp-content\/uploads\/2026\/02\/Medical-Centre-scaled.png","contentUrl":"http:\/\/www.medicalcentresas.it\/home\/wp-content\/uploads\/2026\/02\/Medical-Centre-scaled.png","width":2560,"height":1073,"caption":"Medical Centre"},"image":{"@id":"http:\/\/www.medicalcentresas.it\/home\/#\/schema\/logo\/image\/"}}]}},"_links":{"self":[{"href":"http:\/\/www.medicalcentresas.it\/home\/wp-json\/wp\/v2\/pages\/294","targetHints":{"allow":["GET"]}}],"collection":[{"href":"http:\/\/www.medicalcentresas.it\/home\/wp-json\/wp\/v2\/pages"}],"about":[{"href":"http:\/\/www.medicalcentresas.it\/home\/wp-json\/wp\/v2\/types\/page"}],"author":[{"embeddable":true,"href":"http:\/\/www.medicalcentresas.it\/home\/wp-json\/wp\/v2\/users\/1"}],"replies":[{"embeddable":true,"href":"http:\/\/www.medicalcentresas.it\/home\/wp-json\/wp\/v2\/comments?post=294"}],"version-history":[{"count":16,"href":"http:\/\/www.medicalcentresas.it\/home\/wp-json\/wp\/v2\/pages\/294\/revisions"}],"predecessor-version":[{"id":2016,"href":"http:\/\/www.medicalcentresas.it\/home\/wp-json\/wp\/v2\/pages\/294\/revisions\/2016"}],"up":[{"embeddable":true,"href":"http:\/\/www.medicalcentresas.it\/home\/wp-json\/wp\/v2\/pages\/100"}],"wp:attachment":[{"href":"http:\/\/www.medicalcentresas.it\/home\/wp-json\/wp\/v2\/media?parent=294"}],"curies":[{"name":"wp","href":"https:\/\/api.w.org\/{rel}","templated":true}]}}