{"id":184,"date":"2021-01-23T10:38:38","date_gmt":"2021-01-23T09:38:38","guid":{"rendered":"http:\/\/www.medicalcentresas.it\/home\/?page_id=184"},"modified":"2021-10-25T11:43:32","modified_gmt":"2021-10-25T09:43:32","slug":"pediatria","status":"publish","type":"page","link":"http:\/\/www.medicalcentresas.it\/home\/servizi\/pediatria\/","title":{"rendered":"Pediatria"},"content":{"rendered":"\t\t<div data-elementor-type=\"wp-page\" data-elementor-id=\"184\" class=\"elementor elementor-184\" data-elementor-post-type=\"page\">\n\t\t\t\t\t\t<section class=\"elementor-section elementor-top-section elementor-element elementor-element-d08dae0 elementor-section-boxed elementor-section-height-default elementor-section-height-default\" data-id=\"d08dae0\" data-element_type=\"section\" data-e-type=\"section\">\n\t\t\t\t\t\t<div class=\"elementor-container elementor-column-gap-default\">\n\t\t\t\t\t<div class=\"elementor-column elementor-col-100 elementor-top-column elementor-element elementor-element-4e27709\" data-id=\"4e27709\" data-element_type=\"column\" data-e-type=\"column\">\n\t\t\t<div class=\"elementor-widget-wrap elementor-element-populated\">\n\t\t\t\t\t\t<div class=\"elementor-element elementor-element-fdc7c8c elementor-widget elementor-widget-heading\" data-id=\"fdc7c8c\" data-element_type=\"widget\" data-e-type=\"widget\" data-widget_type=\"heading.default\">\n\t\t\t\t<div class=\"elementor-widget-container\">\n\t\t\t\t\t<h2 class=\"elementor-heading-title elementor-size-default\">Pediatria<\/h2>\t\t\t\t<\/div>\n\t\t\t\t<\/div>\n\t\t\t\t\t<\/div>\n\t\t<\/div>\n\t\t\t\t\t<\/div>\n\t\t<\/section>\n\t\t\t\t<section class=\"elementor-section elementor-top-section elementor-element elementor-element-4b73e3f elementor-section-boxed elementor-section-height-default elementor-section-height-default\" data-id=\"4b73e3f\" data-element_type=\"section\" data-e-type=\"section\">\n\t\t\t\t\t\t<div class=\"elementor-container elementor-column-gap-default\">\n\t\t\t\t\t<div class=\"elementor-column elementor-col-100 elementor-top-column elementor-element elementor-element-ec0e08b\" data-id=\"ec0e08b\" data-element_type=\"column\" data-e-type=\"column\">\n\t\t\t<div class=\"elementor-widget-wrap elementor-element-populated\">\n\t\t\t\t\t\t<div class=\"elementor-element elementor-element-2bbe331 elementor-widget elementor-widget-text-editor\" data-id=\"2bbe331\" data-element_type=\"widget\" data-e-type=\"widget\" data-widget_type=\"text-editor.default\">\n\t\t\t\t<div class=\"elementor-widget-container\">\n\t\t\t\t\t\t\t\t\t<p><strong>Dott.ssa ARNELLO Amanda<\/strong><\/p>\t\t\t\t\t\t\t\t<\/div>\n\t\t\t\t<\/div>\n\t\t\t\t\t<\/div>\n\t\t<\/div>\n\t\t\t\t\t<\/div>\n\t\t<\/section>\n\t\t\t\t<section class=\"elementor-section elementor-top-section elementor-element elementor-element-62a3f72 elementor-section-boxed elementor-section-height-default elementor-section-height-default\" data-id=\"62a3f72\" data-element_type=\"section\" data-e-type=\"section\">\n\t\t\t\t\t\t<div class=\"elementor-container elementor-column-gap-default\">\n\t\t\t\t\t<div class=\"elementor-column elementor-col-50 elementor-top-column elementor-element elementor-element-0dd9a0a\" data-id=\"0dd9a0a\" data-element_type=\"column\" data-e-type=\"column\">\n\t\t\t<div class=\"elementor-widget-wrap elementor-element-populated\">\n\t\t\t\t\t\t<div class=\"elementor-element elementor-element-1504d57 elementor-widget elementor-widget-text-editor\" data-id=\"1504d57\" data-element_type=\"widget\" data-e-type=\"widget\" data-widget_type=\"text-editor.default\">\n\t\t\t\t<div class=\"elementor-widget-container\">\n\t\t\t\t\t\t\t\t\t<p>La pediatria \u00e8 il ramo di medicina che si occupa della salubrit\u00e0 e dell&#8217;assistenza medica degli infanti, dei bambini <br \/>e degli adolescenti dalla nascita fino alla maggior et\u00e0.<br \/><br \/><\/p><h4>Che cosa fa un Pediatra?<\/h4><p>\u00a0<\/p><p>Il Pediatra \u00e8 il medico dei bambini, e fornisce non solo l&#8217;assistenza medica per costoro che sono acutamente o cronicamente, ma anche servizi sanitari preventivi per gli infanti in buona salute.<\/p><p>Il Pediatra gestisce il benessere fisico, mentale ed emozionale dei bambini nell&#8217;ambito della loro cura in ogni fase dello sviluppo, e sia nella malattia che nella salubrit\u00e0.<\/p><p>\u00a0<\/p><h4><strong>Obiettivi della Pediatria<\/strong><\/h4><p>\u00a0<\/p><p>Gli obiettivi dello studio sulla pediatria \u00e8 di diminuire la tariffa del bambino ed infantile delle morti, di gestire la diffusione della malattia infettiva, promuovere gli stili di vita sani per una vita lunga e contribuire a facilitare i problemi dei bambini e degli adolescenti con le circostanze croniche.<\/p><p>I Pediatri diagnosticano e trattano parecchi termini fra i bambini compreso:\u00a0<\/p><ul type=\"disc\"><li>Lesioni.<\/li><li>Infezioni.<\/li><li>Circostanze genetiche e congenite.<\/li><li>Cancri.<\/li><li>Malattie e disfunzioni dell&#8217;organo.<\/li><\/ul>\t\t\t\t\t\t\t\t<\/div>\n\t\t\t\t<\/div>\n\t\t\t\t\t<\/div>\n\t\t<\/div>\n\t\t\t\t<div class=\"elementor-column elementor-col-50 elementor-top-column elementor-element elementor-element-86154fd\" data-id=\"86154fd\" data-element_type=\"column\" data-e-type=\"column\">\n\t\t\t<div class=\"elementor-widget-wrap elementor-element-populated\">\n\t\t\t\t\t\t<div class=\"elementor-element elementor-element-79d6efe elementor-widget elementor-widget-image\" data-id=\"79d6efe\" data-element_type=\"widget\" data-e-type=\"widget\" data-widget_type=\"image.default\">\n\t\t\t\t<div class=\"elementor-widget-container\">\n\t\t\t\t\t\t\t\t\t\t\t\t\t\t\t<img fetchpriority=\"high\" decoding=\"async\" width=\"630\" height=\"421\" src=\"http:\/\/www.medicalcentresas.it\/home\/wp-content\/uploads\/2021\/10\/bambini-dal-medico-2-630x421-1.jpg\" class=\"attachment-large size-large wp-image-1333\" alt=\"\" srcset=\"http:\/\/www.medicalcentresas.it\/home\/wp-content\/uploads\/2021\/10\/bambini-dal-medico-2-630x421-1.jpg 630w, http:\/\/www.medicalcentresas.it\/home\/wp-content\/uploads\/2021\/10\/bambini-dal-medico-2-630x421-1-300x200.jpg 300w\" sizes=\"(max-width: 630px) 100vw, 630px\" style=\"width:100%;height:66.83%;max-width:630px\" \/>\t\t\t\t\t\t\t\t\t\t\t\t\t\t\t<\/div>\n\t\t\t\t<\/div>\n\t\t\t\t<div class=\"elementor-element elementor-element-c9200d2 elementor-widget elementor-widget-image\" data-id=\"c9200d2\" data-element_type=\"widget\" data-e-type=\"widget\" data-widget_type=\"image.default\">\n\t\t\t\t<div class=\"elementor-widget-container\">\n\t\t\t\t\t\t\t\t\t\t\t\t\t\t\t<img decoding=\"async\" width=\"750\" height=\"498\" src=\"http:\/\/www.medicalcentresas.it\/home\/wp-content\/uploads\/2021\/10\/Pediatrics-1024x680.jpg\" class=\"attachment-large size-large wp-image-1334\" alt=\"\" srcset=\"http:\/\/www.medicalcentresas.it\/home\/wp-content\/uploads\/2021\/10\/Pediatrics-1024x680.jpg 1024w, http:\/\/www.medicalcentresas.it\/home\/wp-content\/uploads\/2021\/10\/Pediatrics-300x199.jpg 300w, http:\/\/www.medicalcentresas.it\/home\/wp-content\/uploads\/2021\/10\/Pediatrics-768x510.jpg 768w, http:\/\/www.medicalcentresas.it\/home\/wp-content\/uploads\/2021\/10\/Pediatrics-1536x1020.jpg 1536w, http:\/\/www.medicalcentresas.it\/home\/wp-content\/uploads\/2021\/10\/Pediatrics-1568x1041.jpg 1568w, http:\/\/www.medicalcentresas.it\/home\/wp-content\/uploads\/2021\/10\/Pediatrics.jpg 1691w\" sizes=\"(max-width: 750px) 100vw, 750px\" style=\"width:100%;height:66.41%;max-width:1691px\" \/>\t\t\t\t\t\t\t\t\t\t\t\t\t\t\t<\/div>\n\t\t\t\t<\/div>\n\t\t\t\t<div class=\"elementor-element elementor-element-8a7d89e elementor-widget elementor-widget-image\" data-id=\"8a7d89e\" data-element_type=\"widget\" data-e-type=\"widget\" data-widget_type=\"image.default\">\n\t\t\t\t<div class=\"elementor-widget-container\">\n\t\t\t\t\t\t\t\t\t\t\t\t\t\t\t<img decoding=\"async\" width=\"750\" height=\"422\" src=\"http:\/\/www.medicalcentresas.it\/home\/wp-content\/uploads\/2021\/10\/5594-dal-pediatra-come-evitare-la-paura-del-dottore-preview-default.jpg\" class=\"attachment-large size-large wp-image-1332\" alt=\"\" srcset=\"http:\/\/www.medicalcentresas.it\/home\/wp-content\/uploads\/2021\/10\/5594-dal-pediatra-come-evitare-la-paura-del-dottore-preview-default.jpg 824w, http:\/\/www.medicalcentresas.it\/home\/wp-content\/uploads\/2021\/10\/5594-dal-pediatra-come-evitare-la-paura-del-dottore-preview-default-300x169.jpg 300w, http:\/\/www.medicalcentresas.it\/home\/wp-content\/uploads\/2021\/10\/5594-dal-pediatra-come-evitare-la-paura-del-dottore-preview-default-768x432.jpg 768w\" sizes=\"(max-width: 750px) 100vw, 750px\" style=\"width:100%;height:56.31%;max-width:824px\" \/>\t\t\t\t\t\t\t\t\t\t\t\t\t\t\t<\/div>\n\t\t\t\t<\/div>\n\t\t\t\t\t<\/div>\n\t\t<\/div>\n\t\t\t\t\t<\/div>\n\t\t<\/section>\n\t\t\t\t<section class=\"elementor-section elementor-top-section elementor-element elementor-element-2ac98fe elementor-section-boxed elementor-section-height-default elementor-section-height-default\" data-id=\"2ac98fe\" data-element_type=\"section\" data-e-type=\"section\">\n\t\t\t\t\t\t<div class=\"elementor-container elementor-column-gap-default\">\n\t\t\t\t\t<div class=\"elementor-column elementor-col-100 elementor-top-column elementor-element elementor-element-2a01b25\" data-id=\"2a01b25\" data-element_type=\"column\" data-e-type=\"column\">\n\t\t\t<div class=\"elementor-widget-wrap\">\n\t\t\t\t\t\t\t<\/div>\n\t\t<\/div>\n\t\t\t\t\t<\/div>\n\t\t<\/section>\n\t\t\t\t<\/div>\n\t\t","protected":false},"excerpt":{"rendered":"<p>Pediatria Dott.ssa ARNELLO Amanda La pediatria \u00e8 il ramo di medicina che si occupa della salubrit\u00e0 e dell&#8217;assistenza medica degli infanti, dei bambini e degli adolescenti dalla nascita fino alla maggior et\u00e0. Che cosa fa un Pediatra? \u00a0 Il Pediatra \u00e8 il medico dei bambini, e fornisce non solo l&#8217;assistenza medica per costoro che sono&hellip; <a class=\"more-link\" href=\"http:\/\/www.medicalcentresas.it\/home\/servizi\/pediatria\/\">Continua a leggere <span class=\"screen-reader-text\">Pediatria<\/span><\/a><\/p>\n","protected":false},"author":1,"featured_media":0,"parent":100,"menu_order":0,"comment_status":"closed","ping_status":"closed","template":"elementor_header_footer","meta":{"footnotes":""},"class_list":["post-184","page","type-page","status-publish","hentry","entry"],"yoast_head":"<!-- This site is optimized with the Yoast SEO plugin v27.0 - https:\/\/yoast.com\/product\/yoast-seo-wordpress\/ -->\n<title>Pediatria - Medical Centre<\/title>\n<meta name=\"robots\" content=\"index, follow, max-snippet:-1, max-image-preview:large, max-video-preview:-1\" \/>\n<link rel=\"canonical\" href=\"http:\/\/www.medicalcentresas.it\/home\/servizi\/pediatria\/\" \/>\n<meta property=\"og:locale\" content=\"it_IT\" \/>\n<meta property=\"og:type\" content=\"article\" \/>\n<meta property=\"og:title\" content=\"Pediatria - Medical Centre\" \/>\n<meta property=\"og:description\" content=\"Pediatria Dott.ssa ARNELLO Amanda La pediatria \u00e8 il ramo di medicina che si occupa della salubrit\u00e0 e dell&#8217;assistenza medica degli infanti, dei bambini e degli adolescenti dalla nascita fino alla maggior et\u00e0. Che cosa fa un Pediatra? \u00a0 Il Pediatra \u00e8 il medico dei bambini, e fornisce non solo l&#8217;assistenza medica per costoro che sono&hellip; Continua a leggere Pediatria\" \/>\n<meta property=\"og:url\" content=\"http:\/\/www.medicalcentresas.it\/home\/servizi\/pediatria\/\" \/>\n<meta property=\"og:site_name\" content=\"Medical Centre\" \/>\n<meta property=\"article:modified_time\" content=\"2021-10-25T09:43:32+00:00\" \/>\n<meta property=\"og:image\" content=\"http:\/\/www.medicalcentresas.it\/home\/wp-content\/uploads\/2021\/10\/bambini-dal-medico-2-630x421-1.jpg\" \/>\n<meta name=\"twitter:card\" content=\"summary_large_image\" \/>\n<meta name=\"twitter:label1\" content=\"Tempo di lettura stimato\" \/>\n\t<meta name=\"twitter:data1\" content=\"1 minuto\" \/>\n<script type=\"application\/ld+json\" class=\"yoast-schema-graph\">{\"@context\":\"https:\/\/schema.org\",\"@graph\":[{\"@type\":\"WebPage\",\"@id\":\"http:\/\/www.medicalcentresas.it\/home\/servizi\/pediatria\/\",\"url\":\"http:\/\/www.medicalcentresas.it\/home\/servizi\/pediatria\/\",\"name\":\"Pediatria - Medical Centre\",\"isPartOf\":{\"@id\":\"http:\/\/www.medicalcentresas.it\/home\/#website\"},\"primaryImageOfPage\":{\"@id\":\"http:\/\/www.medicalcentresas.it\/home\/servizi\/pediatria\/#primaryimage\"},\"image\":{\"@id\":\"http:\/\/www.medicalcentresas.it\/home\/servizi\/pediatria\/#primaryimage\"},\"thumbnailUrl\":\"http:\/\/www.medicalcentresas.it\/home\/wp-content\/uploads\/2021\/10\/bambini-dal-medico-2-630x421-1.jpg\",\"datePublished\":\"2021-01-23T09:38:38+00:00\",\"dateModified\":\"2021-10-25T09:43:32+00:00\",\"breadcrumb\":{\"@id\":\"http:\/\/www.medicalcentresas.it\/home\/servizi\/pediatria\/#breadcrumb\"},\"inLanguage\":\"it-IT\",\"potentialAction\":[{\"@type\":\"ReadAction\",\"target\":[\"http:\/\/www.medicalcentresas.it\/home\/servizi\/pediatria\/\"]}]},{\"@type\":\"ImageObject\",\"inLanguage\":\"it-IT\",\"@id\":\"http:\/\/www.medicalcentresas.it\/home\/servizi\/pediatria\/#primaryimage\",\"url\":\"http:\/\/www.medicalcentresas.it\/home\/wp-content\/uploads\/2021\/10\/bambini-dal-medico-2-630x421-1.jpg\",\"contentUrl\":\"http:\/\/www.medicalcentresas.it\/home\/wp-content\/uploads\/2021\/10\/bambini-dal-medico-2-630x421-1.jpg\",\"width\":630,\"height\":421},{\"@type\":\"BreadcrumbList\",\"@id\":\"http:\/\/www.medicalcentresas.it\/home\/servizi\/pediatria\/#breadcrumb\",\"itemListElement\":[{\"@type\":\"ListItem\",\"position\":1,\"name\":\"Home\",\"item\":\"http:\/\/www.medicalcentresas.it\/home\/\"},{\"@type\":\"ListItem\",\"position\":2,\"name\":\"SERVIZI\",\"item\":\"http:\/\/www.medicalcentresas.it\/home\/servizi\/\"},{\"@type\":\"ListItem\",\"position\":3,\"name\":\"Pediatria\"}]},{\"@type\":\"WebSite\",\"@id\":\"http:\/\/www.medicalcentresas.it\/home\/#website\",\"url\":\"http:\/\/www.medicalcentresas.it\/home\/\",\"name\":\"Medical Centre\",\"description\":\"Poliambulatorio Specialistico\",\"publisher\":{\"@id\":\"http:\/\/www.medicalcentresas.it\/home\/#organization\"},\"potentialAction\":[{\"@type\":\"SearchAction\",\"target\":{\"@type\":\"EntryPoint\",\"urlTemplate\":\"http:\/\/www.medicalcentresas.it\/home\/?s={search_term_string}\"},\"query-input\":{\"@type\":\"PropertyValueSpecification\",\"valueRequired\":true,\"valueName\":\"search_term_string\"}}],\"inLanguage\":\"it-IT\"},{\"@type\":\"Organization\",\"@id\":\"http:\/\/www.medicalcentresas.it\/home\/#organization\",\"name\":\"Medical Centre\",\"url\":\"http:\/\/www.medicalcentresas.it\/home\/\",\"logo\":{\"@type\":\"ImageObject\",\"inLanguage\":\"it-IT\",\"@id\":\"http:\/\/www.medicalcentresas.it\/home\/#\/schema\/logo\/image\/\",\"url\":\"http:\/\/www.medicalcentresas.it\/home\/wp-content\/uploads\/2026\/02\/Medical-Centre-scaled.png\",\"contentUrl\":\"http:\/\/www.medicalcentresas.it\/home\/wp-content\/uploads\/2026\/02\/Medical-Centre-scaled.png\",\"width\":2560,\"height\":1073,\"caption\":\"Medical Centre\"},\"image\":{\"@id\":\"http:\/\/www.medicalcentresas.it\/home\/#\/schema\/logo\/image\/\"}}]}<\/script>\n<!-- \/ Yoast SEO plugin. -->","yoast_head_json":{"title":"Pediatria - Medical Centre","robots":{"index":"index","follow":"follow","max-snippet":"max-snippet:-1","max-image-preview":"max-image-preview:large","max-video-preview":"max-video-preview:-1"},"canonical":"http:\/\/www.medicalcentresas.it\/home\/servizi\/pediatria\/","og_locale":"it_IT","og_type":"article","og_title":"Pediatria - Medical Centre","og_description":"Pediatria Dott.ssa ARNELLO Amanda La pediatria \u00e8 il ramo di medicina che si occupa della salubrit\u00e0 e dell&#8217;assistenza medica degli infanti, dei bambini e degli adolescenti dalla nascita fino alla maggior et\u00e0. Che cosa fa un Pediatra? \u00a0 Il Pediatra \u00e8 il medico dei bambini, e fornisce non solo l&#8217;assistenza medica per costoro che sono&hellip; Continua a leggere Pediatria","og_url":"http:\/\/www.medicalcentresas.it\/home\/servizi\/pediatria\/","og_site_name":"Medical Centre","article_modified_time":"2021-10-25T09:43:32+00:00","og_image":[{"url":"http:\/\/www.medicalcentresas.it\/home\/wp-content\/uploads\/2021\/10\/bambini-dal-medico-2-630x421-1.jpg","type":"","width":"","height":""}],"twitter_card":"summary_large_image","twitter_misc":{"Tempo di lettura stimato":"1 minuto"},"schema":{"@context":"https:\/\/schema.org","@graph":[{"@type":"WebPage","@id":"http:\/\/www.medicalcentresas.it\/home\/servizi\/pediatria\/","url":"http:\/\/www.medicalcentresas.it\/home\/servizi\/pediatria\/","name":"Pediatria - Medical Centre","isPartOf":{"@id":"http:\/\/www.medicalcentresas.it\/home\/#website"},"primaryImageOfPage":{"@id":"http:\/\/www.medicalcentresas.it\/home\/servizi\/pediatria\/#primaryimage"},"image":{"@id":"http:\/\/www.medicalcentresas.it\/home\/servizi\/pediatria\/#primaryimage"},"thumbnailUrl":"http:\/\/www.medicalcentresas.it\/home\/wp-content\/uploads\/2021\/10\/bambini-dal-medico-2-630x421-1.jpg","datePublished":"2021-01-23T09:38:38+00:00","dateModified":"2021-10-25T09:43:32+00:00","breadcrumb":{"@id":"http:\/\/www.medicalcentresas.it\/home\/servizi\/pediatria\/#breadcrumb"},"inLanguage":"it-IT","potentialAction":[{"@type":"ReadAction","target":["http:\/\/www.medicalcentresas.it\/home\/servizi\/pediatria\/"]}]},{"@type":"ImageObject","inLanguage":"it-IT","@id":"http:\/\/www.medicalcentresas.it\/home\/servizi\/pediatria\/#primaryimage","url":"http:\/\/www.medicalcentresas.it\/home\/wp-content\/uploads\/2021\/10\/bambini-dal-medico-2-630x421-1.jpg","contentUrl":"http:\/\/www.medicalcentresas.it\/home\/wp-content\/uploads\/2021\/10\/bambini-dal-medico-2-630x421-1.jpg","width":630,"height":421},{"@type":"BreadcrumbList","@id":"http:\/\/www.medicalcentresas.it\/home\/servizi\/pediatria\/#breadcrumb","itemListElement":[{"@type":"ListItem","position":1,"name":"Home","item":"http:\/\/www.medicalcentresas.it\/home\/"},{"@type":"ListItem","position":2,"name":"SERVIZI","item":"http:\/\/www.medicalcentresas.it\/home\/servizi\/"},{"@type":"ListItem","position":3,"name":"Pediatria"}]},{"@type":"WebSite","@id":"http:\/\/www.medicalcentresas.it\/home\/#website","url":"http:\/\/www.medicalcentresas.it\/home\/","name":"Medical Centre","description":"Poliambulatorio Specialistico","publisher":{"@id":"http:\/\/www.medicalcentresas.it\/home\/#organization"},"potentialAction":[{"@type":"SearchAction","target":{"@type":"EntryPoint","urlTemplate":"http:\/\/www.medicalcentresas.it\/home\/?s={search_term_string}"},"query-input":{"@type":"PropertyValueSpecification","valueRequired":true,"valueName":"search_term_string"}}],"inLanguage":"it-IT"},{"@type":"Organization","@id":"http:\/\/www.medicalcentresas.it\/home\/#organization","name":"Medical Centre","url":"http:\/\/www.medicalcentresas.it\/home\/","logo":{"@type":"ImageObject","inLanguage":"it-IT","@id":"http:\/\/www.medicalcentresas.it\/home\/#\/schema\/logo\/image\/","url":"http:\/\/www.medicalcentresas.it\/home\/wp-content\/uploads\/2026\/02\/Medical-Centre-scaled.png","contentUrl":"http:\/\/www.medicalcentresas.it\/home\/wp-content\/uploads\/2026\/02\/Medical-Centre-scaled.png","width":2560,"height":1073,"caption":"Medical Centre"},"image":{"@id":"http:\/\/www.medicalcentresas.it\/home\/#\/schema\/logo\/image\/"}}]}},"_links":{"self":[{"href":"http:\/\/www.medicalcentresas.it\/home\/wp-json\/wp\/v2\/pages\/184","targetHints":{"allow":["GET"]}}],"collection":[{"href":"http:\/\/www.medicalcentresas.it\/home\/wp-json\/wp\/v2\/pages"}],"about":[{"href":"http:\/\/www.medicalcentresas.it\/home\/wp-json\/wp\/v2\/types\/page"}],"author":[{"embeddable":true,"href":"http:\/\/www.medicalcentresas.it\/home\/wp-json\/wp\/v2\/users\/1"}],"replies":[{"embeddable":true,"href":"http:\/\/www.medicalcentresas.it\/home\/wp-json\/wp\/v2\/comments?post=184"}],"version-history":[{"count":25,"href":"http:\/\/www.medicalcentresas.it\/home\/wp-json\/wp\/v2\/pages\/184\/revisions"}],"predecessor-version":[{"id":1355,"href":"http:\/\/www.medicalcentresas.it\/home\/wp-json\/wp\/v2\/pages\/184\/revisions\/1355"}],"up":[{"embeddable":true,"href":"http:\/\/www.medicalcentresas.it\/home\/wp-json\/wp\/v2\/pages\/100"}],"wp:attachment":[{"href":"http:\/\/www.medicalcentresas.it\/home\/wp-json\/wp\/v2\/media?parent=184"}],"curies":[{"name":"wp","href":"https:\/\/api.w.org\/{rel}","templated":true}]}}